{"id":18,"date":"2023-06-11T22:09:44","date_gmt":"2023-06-11T20:09:44","guid":{"rendered":"https:\/\/www.zicosite.fr\/new_site\/?page_id=18"},"modified":"2024-05-10T23:52:16","modified_gmt":"2024-05-10T21:52:16","slug":"la-play-list-de-autour-des-zicos","status":"publish","type":"page","link":"https:\/\/www.zicosite.fr\/new_site\/la-play-list-de-autour-des-zicos\/","title":{"rendered":"La Play List de\u00a0\u00ab\u00a0Autour des Zicos\u00a0\u00bb"},"content":{"rendered":"<ol class=\"playlist-numberedlist\">\n<li><span class=\"playlist-title\">L\u2019Histoire de la vie<\/span><span class=\"playlist-singers\"> Viviane Vaugelade, Mathieu Don + Tous<\/span><\/li>\n<li><span class=\"playlist-title\">Viens je t\u2019emm\u00e8ne<\/span><span class=\"playlist-singers\"> Madeleine Henri, Muriel Dehouck, Dorian Bedel, Mathieu Don, Viviane Vaugelade, Ga\u00eblle Josse, M\u00e9rav Doukhan, Laetitia Vinot, Fabien Moutarde Moutarde, Martine Saliceti, Laetitia Vanhoollandt, T.Spy, Fabrice Fruteau, St\u00e9phane Potier, Tatiana Boulom, Jean-Luc Moral\u00e8s, Pedro Moreno, Emilie Lacombe, Laurent Brunet, Justine Fauvet + Tous<\/span><\/li>\n<li><span class=\"playlist-title\">Shape of you<\/span><span class=\"playlist-singers\"> M\u00e9rav Doukhan, Diana Vicente, Estelle Fi\u00e9v\u00e9, Laetitia Vanhoollandt<\/span><br \/>\n<span class=\"playlist-roles\"><b>Choristes :<\/b> T.Spy, Dorian, Pedro, Mathieu<\/span><\/li>\n<li><span class=\"playlist-title\">Medley CIRQUE<\/span>\n<ul>\n<li><span class=\"playlist-title--medley\">Les com\u00e9diens<\/span> <span class=\"playlist-singers\">Arnaud Guin, Pierre Collinet<\/span><\/li>\n<li><span class=\"playlist-title--medley\">Nuit magique<\/span> <span class=\"playlist-singers\">Fabrice Fruteau, Laetitia Vanhoollandt<\/span><\/li>\n<li><span class=\"playlist-title--medley\">Clown<\/span> <span class=\"playlist-singers\">Justine Fauvet, Maxime Frey<\/span><\/li>\n<li><span class=\"playlist-title--medley\">Le petit bonhomme en mousse<\/span> <span class=\"playlist-singers\">Muriel Dehouck, Pedro Moreno<\/span><\/li>\n<li><span class=\"playlist-title--medley\">La complainte du phoque en Alaska<\/span> <span class=\"playlist-singers\">St\u00e9phane Potier, Fabien Moutarde<\/span><\/li>\n<\/ul>\n<p><span class=\"playlist-roles\"><b>Monsieur Loyal :<\/b> Viviane Vaugelade<\/span><br \/>\n<span class=\"playlist-roles\"><b>Bulles :<\/b> Laura Soldini, Laetitia Vinot<\/span><br \/>\n<span class=\"playlist-roles\"><b>Danse Nez Rouge \/ Contorsionnistes :<\/b> M\u00e9rav Doukhan, Estelle Fi\u00e9v\u00e9, Laurent Brunet, Ga\u00eblle Josse<\/span><br \/>\n<span class=\"playlist-roles\"><b>Contorsionnistes :<\/b> Emilie Lacombe, Sandrine Griveau, Andr\u00e9 Nguyen Van Nhieu, Diana Vicente<\/span><br \/>\n<span class=\"playlist-roles\"><b>Phoques :<\/b> Martine Saliceti, Yohan Garcia<\/span><\/li>\n<li><span class=\"playlist-title\">Hors-saison<\/span><span class=\"playlist-singers\"> Yohan Garcia, Audrey Petric, St\u00e9phane Potier, Christine Pereira<\/span><br \/>\n<span class=\"playlist-roles\"><b>Chefs de gare :<\/b> Pierre Collinet, Mathieu Don<\/span><br \/>\n<span class=\"playlist-roles\"><b>Passagers :<\/b> Laetitia Vanhoollandt, Pedro Moreno, Laura Soldini, Laurent Brunet, Madeleine Henri, Jean-Luc Moral\u00e8s, Muriel Dehouck, T.Spy, Fabien Moutarde, Viviane Vaugelade, Laetitia Vinot, Arnaud Guin, Tatiana Boulom, Andr\u00e9 Nguyen Van Nhieu, Dorian Bedel, Justine Fauvet, Fabrice Fruteau, Maxime Frey, Diana Vicente, Emilie Lacombe<\/span><\/li>\n<li><span class=\"playlist-title\">Medley SALON DE BEAUT\u00c9<\/span>\n<ul>\n<li><span class=\"playlist-title--medley\">Relax<\/span> <span class=\"playlist-singers\">Laetitia Vinot<\/span><\/li>\n<li><span class=\"playlist-title--medley\">Biche oh ma biche<\/span> <span class=\"playlist-singers\">Christine Pereira, Jean-Luc Moral\u00e8s<\/span><\/li>\n<li><span class=\"playlist-title--medley\">Tous les m\u00eames<\/span> <span class=\"playlist-singers\">Ga\u00eblle Josse<\/span><\/li>\n<li><span class=\"playlist-title--medley\">Ma gueule<\/span> <span class=\"playlist-singers\">Viviane Vaugelade<\/span><\/li>\n<li><span class=\"playlist-title--medley\">Zen<\/span> <span class=\"playlist-singers\">Estelle Fi\u00e9v\u00e9, Andr\u00e9 Nguyen Van Nhieu<\/span><\/li>\n<\/ul>\n<p><span class=\"playlist-roles\"><b>Patronne du salon :<\/b> Martine Saliceti<\/span><br \/>\n<span class=\"playlist-roles\"><b>Cliente visage :<\/b> Audrey Petric<\/span><br \/>\n<span class=\"playlist-roles\"><b>Client par t\u00e9l\u00e9phone (voix) :<\/b> St\u00e9phane Potier<\/span><br \/>\n<span class=\"playlist-roles\"><b>Danseurs-figurants :<\/b> Sandrine Griveau, Justine Fauvet, Tatiana Boulom, Maxime Frey, Andr\u00e9a Boulli\u00e9 et Ang\u00e9lique Marquet<\/span><\/li>\n<li><span class=\"playlist-title\">La tactique du gendarme<\/span><span class=\"playlist-singers\"> Pierre Collinet, Fabien Moutarde, Maxime Frey, Andr\u00e9 Nguyen Van Nhieu<\/span><br \/>\n<span class=\"playlist-roles\"><b>Voleurs :<\/b> Laetitia Vanhoollandt, T.Spy<\/span><br \/>\n<span class=\"playlist-roles\"><b>Maire :<\/b> Yohan Garcia<\/span><br \/>\n<span class=\"playlist-roles\"><b>Assistant du maire :<\/b> Pedro Moreno<\/span><\/li>\n<li><span class=\"playlist-title\">Medley MARIN<\/span>\n<ul>\n<li><span class=\"playlist-title--medley\">La mer<\/span><span class=\"playlist-singers\"> Jean-Luc Moral\u00e8s<\/span><\/li>\n<li><span class=\"playlist-title--medley\">Santiano<\/span><span class=\"playlist-singers\"> Ga\u00eblle Josse, Sandrine Griveau<\/span><\/li>\n<li><span class=\"playlist-title--medley\">Du rhum des femmes<\/span><span class=\"playlist-singers\"> St\u00e9phane Potier, Justine Fauvet<\/span><\/li>\n<li><span class=\"playlist-title--medley\">Le r\u00eave du p\u00e9cheur<\/span><span class=\"playlist-singers\"> Dorian Bedel, Tatiana Boulom<\/span><\/li>\n<li><span class=\"playlist-title--medley\">Face \u00e0 la mer<\/span><span class=\"playlist-singers\"> M\u00e9rav Doukhan, Viviane Vaugelade<\/span><\/li>\n<li><span class=\"playlist-title--medley\">Rame<\/span><span class=\"playlist-singers\"> Laetitia Vinot, Laura Soldini<\/span><\/li>\n<\/ul>\n<\/li>\n<li><span class=\"playlist-title\">H\u00f4tel California<\/span><span class=\"playlist-singers\"> Madeleine Henri, Arnaud Guin, Sandrine Griveau<\/span><br \/>\n<span class=\"playlist-roles\"><b>R\u00e9ceptionnistes :<\/b> Pierre Collinet, Fabien Moutarde<\/span><\/li>\n<li><span class=\"playlist-title\">Medley SAV<\/span>\n<ul>\n<li><span class=\"playlist-title--medley\">Facile<\/span><span class=\"playlist-singers\"> M\u00e9rav Doukhan<\/span><\/li>\n<li><span class=\"playlist-title--medley\">La kiffance<\/span><span class=\"playlist-singers\"> Dorian Bedel<\/span><\/li>\n<li><span class=\"playlist-title--medley\">Nos plus belles ann\u00e9es<\/span><span class=\"playlist-singers\"> Arnaud Guin, Emilie Lacombe<\/span><\/li>\n<li><span class=\"playlist-title--medley\">Viens poupoule<\/span><span class=\"playlist-singers\"> Laurent Brunet<\/span><\/li>\n<li><span class=\"playlist-title--medley\">XXL<\/span><span class=\"playlist-singers\"> Maxime Frey<\/span><\/li>\n<\/ul>\n<p><span class=\"playlist-roles\"><b>Employ\u00e9s SAV lead :<\/b> Martine Saliceti<\/span><br \/>\n<span class=\"playlist-roles\"><b>Employ\u00e9s SAV :<\/b> Laura Soldini<\/span><br \/>\n<span class=\"playlist-roles\"><b>Figurants file d\u2019attente :<\/b> Christine Pereira, Audrey Petric<\/span><\/li>\n<li><span class=\"playlist-title\">Nathalie<\/span><span class=\"playlist-singers\"> Laurent Brunet, Dorian Bedel, Fabrice Fruteau<\/span><\/li>\n<li><span class=\"playlist-title\">Moi\u2026 Lolita<\/span><span class=\"playlist-singers\"> Justine Fauvet, Estelle Fi\u00e9v\u00e9<\/span><br \/>\n<span class=\"playlist-roles\"><b>Danse :<\/b> Tatiana Boulom, Diana Vicente, M\u00e9rav Doukhan, Emilie Lacombe, Ga\u00eblle Josse, Sandrine Griveau<\/span><br \/>\n<span class=\"playlist-roles\"><b>Professeur de bonnes mani\u00e8res :<\/b> Yohan Garcia<\/span><\/li>\n<li><span class=\"playlist-title\">Medley WESTERN<\/span>\n<ul>\n<li><span class=\"playlist-title--medley\">Nouveau western<\/span><span class=\"playlist-singers\"> Mathieu Don, Ga\u00eblle Josse<\/span><\/li>\n<li><span class=\"playlist-title--medley\">Ani Kuni<\/span><span class=\"playlist-singers\"> Emilie Lacombe, Pierre Collinet<\/span><\/li>\n<li><span class=\"playlist-title--medley\">Duel au soleil<\/span><span class=\"playlist-singers\"> Yohan Garcia<\/span><\/li>\n<li><span class=\"playlist-title--medley\">Bang Bang<\/span><span class=\"playlist-singers\"> Madeleine Henri, Laura Soldini<\/span><\/li>\n<li><span class=\"playlist-title--medley\">I shot the sheriff<\/span><span class=\"playlist-singers\"> Pedro Moreno<\/span><\/li>\n<li><span class=\"playlist-title--medley\">Cotton eye Joe<\/span><span class=\"playlist-singers\"> Laurent Brunet, Laetitia Vanhoollandt<\/span><\/li>\n<\/ul>\n<p><span class=\"playlist-roles\"><b>Cow-boy figuration + danse :<\/b> Maxime Frey, Diana Vicente, Jean-Luc Moral\u00e8s, Arnaud Guin, Sandrine Griveau, Andr\u00e9 Nguyen Van Nhieu<\/span><br \/>\n<span class=\"playlist-roles\"><b>Indiens prisonniers :<\/b> T.Spy, Martine Saliceti<\/span><br \/>\n<span class=\"playlist-roles\"><b>Indiens danseurs :<\/b> Fabien Moutarde, Estelle Fi\u00e9v\u00e9, Tatiana Boulom, Justine Fauvet, Fabrice Fruteau, M\u00e9rav Doukhan<\/span><br \/>\n<span class=\"playlist-roles\"><b>Cow-boy rod\u00e9o :<\/b> Dorian Bedel, St\u00e9phane Potier<\/span><\/li>\n<li><span class=\"playlist-title\">Tu t\u2019en iras<\/span><span class=\"playlist-singers\"> Laura Soldini, T.Spy<\/span><br \/>\n<span class=\"playlist-roles\"><b>Candidats gar\u00e7ons :<\/b> Pierre Collinet, Mathieu, Pedro Moreno, St\u00e9phane Potier, Yohan Garcia, Dorian Bedel, Laurent Brunet, Jean-Luc Moral\u00e8s, Arnaud Guin, Fabrice Fruteau, Maxime Frey<\/span><br \/>\n<span class=\"playlist-roles\"><b>Candidats filles :<\/b> Laetitia Vanhoollandt, Madeleine Henri, Muriel, Christine Pereira, Laetitia Vinot, Audrey Petric, Diana Vicente, Viviane Vaugelade, Martine Saliceti, Estelle Fi\u00e9v\u00e9, Ga\u00eblle Josse<\/span><\/li>\n<li><span class=\"playlist-title\">Le g\u00e9ant de papier<\/span><span class=\"playlist-singers\"> Jean-Luc Moral\u00e8s, Tatiana Boulom<\/span><br \/>\n<span class=\"playlist-roles\"><b>Danseurs :<\/b> Laurent Brunet, Maxime Frey, Fabrice Fruteau, Fabien Moutarde, Andr\u00e9 Nguyen Van Nhieu, Arnaud Guin, Estelle Fi\u00e9v\u00e9, Justine Fauvet, Emilie Lacombe, M\u00e9rav Doukhan, Sandrine Griveau, Ga\u00eblle Josse<\/span><\/li>\n<li><span class=\"playlist-title\">Medley D\u00c9FIL\u00c9 DE MODE<\/span>\n<ul>\n<li><span class=\"playlist-title--medley\">Waka waka<\/span><span class=\"playlist-singers\"> Christine Pereira, Pedro Moreno<\/span><\/li>\n<li><span class=\"playlist-title--medley\">Respire encore<\/span><span class=\"playlist-singers\"> Audrey Petric, Muriel Dehouck<\/span><\/li>\n<li><span class=\"playlist-title--medley\">Sir Duke<\/span><span class=\"playlist-singers\"> Mathieu Don, Laetitia Vinot<\/span><\/li>\n<li><span class=\"playlist-title--medley\">Survivor<\/span><span class=\"playlist-singers\"> Diana Vicente, Andr\u00e9 Nguyen Van Nhieu<\/span><\/li>\n<li><span class=\"playlist-title--medley\">Iko iko<\/span><span class=\"playlist-singers\"> Sandrine Griveau, Fabrice Fruteau<\/span><\/li>\n<li><span class=\"playlist-title--medley\">Magnolias for ever<\/span><span class=\"playlist-singers\"> Dorian Bedel, T.Spy<\/span><\/li>\n<\/ul>\n<p><span class=\"playlist-roles\"><b>Ma\u00eetre de c\u00e9r\u00e9monie :<\/b> Martine Saliceti<\/span><br \/>\n<span class=\"playlist-roles\"><b>Danseurs :<\/b> Jean-Luc Moral\u00e8s, Estelle Fi\u00e9v\u00e9, Justine Fauvet, Fabien Moutarde, Tatiana Boulom, M\u00e9rav Doukhan, Arnaud Guin, Emilie Lacombe, Ga\u00eblle Josse<\/span><\/li>\n<li><span class=\"playlist-title\">La qu\u00eate<\/span><span class=\"playlist-singers\"> Audrey Petric, Laura Soldini, Yohan Garcia, Andr\u00e9 Nguyen Van Nhieu, Diana Vicente, Maxime Frey, Pierre Collinet, Dorian Bedel, M\u00e9rav Doukhan, Madeleine Henri, Christine Pereira, Fabrice Fruteau, Viviane Vaugelade, Arnaud Guin, Estelle Fi\u00e9v\u00e9, Sandrine Griveau + Tous<\/span><\/li>\n<li><span class=\"playlist-title\">Medley FIN<\/span>\n<ul>\n<li><span class=\"playlist-title--medley\">C\u2019est bient\u00f4t la fin<\/span><span class=\"playlist-singers\"> T.Spy, Yohan Garcia<\/span><\/li>\n<li><span class=\"playlist-title--medley\">Happy ending<\/span><span class=\"playlist-singers\"> Audrey Petric, Tatiana Boulom<\/span><\/li>\n<li><span class=\"playlist-title--medley\">Le dernier jour du disco<\/span><span class=\"playlist-singers\"> Madeleine Henri, Laetitia Vinot<\/span><\/li>\n<li><span class=\"playlist-title--medley\">Voil\u00e0 c\u2019est fini<\/span><span class=\"playlist-singers\"> Emilie Lacombe, Fabien Moutarde<\/span><\/li>\n<li><span class=\"playlist-title--medley\">The final countdown<\/span><span class=\"playlist-singers\"> Diana Vicente, Muriel Dehouck<\/span><\/li>\n<\/ul>\n<p><span class=\"playlist-roles\"><b>Guitariste Zicos :<\/b> Jean-Luc Moral\u00e8s <\/span><span class=\"playlist-roles\">+ Tous<\/span><\/li>\n<\/ol>\n","protected":false},"excerpt":{"rendered":"<p>L\u2019Histoire de la vie Viviane Vaugelade, Mathieu Don + Tous Viens je t\u2019emm\u00e8ne Madeleine Henri, Muriel Dehouck, Dorian Bedel, Mathieu Don, Viviane Vaugelade, Ga\u00eblle Josse, M\u00e9rav Doukhan, Laetitia Vinot, Fabien Moutarde Moutarde, Martine Saliceti, Laetitia Vanhoollandt, T.Spy, Fabrice Fruteau, St\u00e9phane Potier, Tatiana Boulom, Jean-Luc Moral\u00e8s, Pedro Moreno, Emilie Lacombe, Laurent Brunet, Justine Fauvet + Tous [&hellip;]<\/p>\n","protected":false},"author":1,"featured_media":0,"parent":0,"menu_order":0,"comment_status":"closed","ping_status":"closed","template":"","meta":{"footnotes":""},"class_list":["post-18","page","type-page","status-publish","hentry"],"_links":{"self":[{"href":"https:\/\/www.zicosite.fr\/new_site\/wp-json\/wp\/v2\/pages\/18","targetHints":{"allow":["GET"]}}],"collection":[{"href":"https:\/\/www.zicosite.fr\/new_site\/wp-json\/wp\/v2\/pages"}],"about":[{"href":"https:\/\/www.zicosite.fr\/new_site\/wp-json\/wp\/v2\/types\/page"}],"author":[{"embeddable":true,"href":"https:\/\/www.zicosite.fr\/new_site\/wp-json\/wp\/v2\/users\/1"}],"replies":[{"embeddable":true,"href":"https:\/\/www.zicosite.fr\/new_site\/wp-json\/wp\/v2\/comments?post=18"}],"version-history":[{"count":3,"href":"https:\/\/www.zicosite.fr\/new_site\/wp-json\/wp\/v2\/pages\/18\/revisions"}],"predecessor-version":[{"id":844,"href":"https:\/\/www.zicosite.fr\/new_site\/wp-json\/wp\/v2\/pages\/18\/revisions\/844"}],"wp:attachment":[{"href":"https:\/\/www.zicosite.fr\/new_site\/wp-json\/wp\/v2\/media?parent=18"}],"curies":[{"name":"wp","href":"https:\/\/api.w.org\/{rel}","templated":true}]}}