{"id":812,"date":"2024-05-10T23:13:14","date_gmt":"2024-05-10T21:13:14","guid":{"rendered":"https:\/\/www.zicosite.fr\/new_site\/?page_id=812"},"modified":"2024-05-10T23:52:44","modified_gmt":"2024-05-10T21:52:44","slug":"la-play-list-de-les-zicos-saison-13","status":"publish","type":"page","link":"https:\/\/www.zicosite.fr\/new_site\/la-play-list-de-les-zicos-saison-13\/","title":{"rendered":"La Play List de \u00ab\u00a0Les Zicos : Saison 13\u00a0\u00bb"},"content":{"rendered":"<table align=\"center\">\n<tbody>\n<tr>\n<td>\n<blockquote><p><i>1) Toute premi\u00e8re fois<\/i> <span style=\"color: green;\"><i>Arnaud Guin, Herv\u00e9 Merkel, La\u00ebtitia Vanhoollandt, Laura Soldini, Ga\u00eblle Josse, Justine Fauvet, Audrey P\u00e9tric, Diana Vicente, Dorian Bedel, Christine Pereira,Sandrine Griveau, Laetitia Vinot et les Zicos<\/i><\/span><\/p>\n<p>2) Blinding lights <span style=\"color: #008000;\">La\u00ebtitia Vanhoollandt, Arnaud Guin, Tatiana B.<\/span><\/p>\n<p>Danse :<span style=\"color: green;\"> Sandrine Griveau, Justine Fauvet, Fabrice Fruteau, Diana Vicente, M\u00e9rav Doukhan, Muriel Dehouck, Emilie Lacombe, Ga\u00eblle Josse, La\u00ebtitia Vinot, Maxime Frey, Andr\u00e9 Nguyen Van Nhieu, Herv\u00e9 Merkel, Jean-Luc Moral\u00e8s, Laurent Brunet\u00a0et les Zicos<\/span><\/p>\n<p>3) Medley Ecole<\/p>\n<div style=\"margin-left: 72.0pt;\">\u2022 Ma\u00eetresse <span style=\"color: #008000;\">Dorian Bedel, Audrey P\u00e9tric<\/span><\/div>\n<div style=\"margin-left: 72.0pt;\">\n<p>\u2022\u00a0 Sacr\u00e9 Charlemagne <span style=\"color: #008000;\"> St\u00e9phane Potier <\/span><\/p>\n<p>\u2022\u00a0 La langue de chez nous <span style=\"color: #008000;\"> M\u00e9rav Doukhan, Laurent Brunet<\/span><\/p>\n<p>\u2022 La cantine <span style=\"color: #008000;\">Fabrice Fruteau, Cristof Gere<\/span><\/p>\n<p>\u2022 Mme Pavoshko <span style=\"color: #008000;\">Sandrine Griveau<\/span><\/p>\n<p>\u2022 Adieu monsieur le professeur <span style=\"color: #008000;\"> La\u00ebtitia Vinot<\/span><\/p>\n<p>\u2022 Another brick in the wall <span style=\"color: #008000;\"> Pedro Moreno et les Zicokids (Arthur, Cl\u00e9mence, Ewan, Jina, Julia, Leyan, Lina, Nathan, S\u00e9l\u00e8ne, Tamy, Titouan, Valentine)<\/span><\/p>\n<\/div>\n<p>4) L&rsquo;effet papillon <span style=\"color: #008000;\">Cristof Gere, Pierre Collinet, Jean-Luc Moral\u00e8s<\/span><\/p>\n<p>5) Medley Dressing<\/p><\/blockquote>\n<div style=\"margin-left: 72.0pt;\">\n<p>\u2022 Sap\u00e9s comme jamais <span style=\"color: #008000;\"> Audrey P\u00e9tric, Arnaud Guin<\/p>\n<p><\/span>\u2022 Sous les jupes des filles <span style=\"color: #008000;\"> Pierre Collinet, St\u00e9phane Potier<\/p>\n<p><\/span>\u2022 Frou-frou <span style=\"color: #008000;\">Tatiana B., T.Spy <\/span><\/p>\n<p>\u2022 Ta marini\u00e8re <span style=\"color: #008000;\">La\u00ebtitia Vanhoollandt, Christine Pereira<\/span><\/p>\n<p>\u2022 Sans chemise, sans pantalon <span style=\"color: #008000;\"> Laura Soldini, Yohan Garcia<\/span><\/p>\n<\/div>\n<blockquote><p>Danse : <span style=\"color: #008000;\">Sandrine Griveau, Ga\u00eblle Josse, M\u00e9rav Doukhan, Andr\u00e9 Nguyen Van Nhieu, Herv\u00e9 Merkel, Fabrice Fruteau, Justine Fauvet, Muriel Dehouck, Emilie Lacombe, Maxime Frey, Laurent\u00a0 Brunet, Jean-Luc Moral\u00e8s<\/span><\/p>\n<p>6) All by myself <span style=\"color: #008000;\">Diana Vicente, La\u00ebtitia Vinot <\/span><\/p>\n<p>7) Medley Horoscope<\/p>\n<p>L&rsquo;astrologue : <span style=\"color: #008000;\">Martine Saliceti<\/span><\/p>\n<div style=\"margin-left: 72.0pt;\">\u2022 Dieu m&rsquo;a donn\u00e9 la foi <span style=\"color: #008000;\">Ga\u00eblle Josse, Andr\u00e9 Nguyen Van Nhieu<\/span><\/div>\n<div style=\"margin-left: 72.0pt;\">\n<p>\u2022 Jour 1 <span style=\"color: green;\"> Viviane Vaugelade, Dorian Bedel <\/span><\/p>\n<p>\u2022 La tendresse <span style=\"color: #008000;\">Les Zicokids (Arthur, Cl\u00e9mence, Ewan, Jina, Julia, Leyan, Lina, Nathan, S\u00e9l\u00e8ne, Tamy, Titouan, Valentine)<\/span><\/p>\n<p>\u2022 Un homme <span style=\"color: #008000;\"> Cristof Gere, Pedro Moreno<\/span><\/p>\n<p>\u2022 Feeling good <span style=\"color: #008000;\">Fabrice Fruteau, Maxime Frey<\/span><\/p>\n<p>Danse : <span style=\"color: #008000;\">Sandrine Griveau, M\u00e9rav Doukhan, Justine Fauvet, Emilie Lacombe, La\u00ebtitia Vinot, Jean-Luc Moral\u00e8s<\/span><\/p>\n<p>\u2022 Parlez-moi d&rsquo;amour <span style=\"color: #008000;\">Diana Vicente<\/span><\/p>\n<\/div>\n<p>8) Uptown funk <span style=\"color: #008000;\">Viviane Vaugelade, Muriel Dehouck, Herv\u00e9 Merkel, T.Spy<\/span><\/p>\n<p>Choeurs : <span style=\"color: #008000;\">Madeleine Henri, Tatiana B., Dorian Bedel<\/span><\/p>\n<p>Danse :<span style=\"color: green;\"> Sandrine Griveau, Justine Fauvet, <\/span><span style=\"color: #008000;\">Fabrice Fruteau, Diana Vicente, M\u00e9rav Doukhan, Emilie Lacombe, Ga\u00eblle Josse, La\u00ebtitia Vinot, Andr\u00e9 Nguyen Van Nhieu, Laurent Brunet<\/span><\/p>\n<p>9) Le petit cheval <span style=\"color: #008000;\">Dorian Bedel, Herv\u00e9 Merkel<\/span><\/p>\n<p>10) Medley SOS<\/p>\n<div style=\"margin-left: 72.0pt;\">\u2022 SOS d&rsquo;un terrien en d\u00e9tresse <span style=\"color: #008000;\">Audrey P\u00e9tric, Justine Fauvet<\/span><\/div>\n<div style=\"margin-left: 72.0pt;\">\n<p>\u2022 Message in a bottle <span style=\"color: green;\"> Sandrine Griveau, Jean-Luc Moral\u00e8s <\/span><\/p>\n<p>\u2022 Tous les cris, les SOS <span style=\"color: #008000;\"> Christine Pereira, Laura Soldini<\/span><\/p>\n<p>Tissu a\u00e9rien : <span style=\"color: #008000;\">Meriem Bouderouaya<\/span><\/p>\n<p>\u2022 Help <span style=\"color: #008000;\"> Muriel Dehouck, Pierre Collinet<\/span><\/p>\n<p>\u2022 Earth song <span style=\"color: #008000;\"> Diana Vicente, Herv\u00e9 Merkel<\/span><\/p>\n<\/div>\n<p>11) Sensualit\u00e9 <span style=\"color: #008000;\">Ga\u00eblle Josse, Tatiana B., M\u00e9rav Doukhan, La\u00ebtitia Vinot <\/span><\/p>\n<p>12) Medley Martine<\/p>\n<p>Martine : <span style=\"color: #008000;\">Martine Saliceti<\/span><\/p><\/blockquote>\n<div style=\"margin-left: 72.0pt;\">\n<p>\u2022 Jeune demoiselle <span style=\"color: #008000;\">M\u00e9rav Doukhan, Emilie Lacombe<\/span><\/p>\n<p>\u2022 Bruxelles <span style=\"color: #008000;\">T.Spy<\/span><\/p>\n<p>\u2022 Il tape sur des bambous <span style=\"color: green;\"> Andr\u00e9 Nguyen Van Nhieu <\/span><\/p>\n<p>\u2022 D\u00e9jeuner en paix <span style=\"color: #008000;\">Maxime Frey<\/span><\/p>\n<p>\u2022 Elle \u00e9tait si jolie <span style=\"color: #008000;\">Ga\u00eblle Josse, Denis Elme<\/span><\/p>\n<\/div>\n<blockquote><p>13) D&rsquo;aventure en aventure <span style=\"color: #008000;\">Laurent Brunet, Denis Elme<\/span><\/p>\n<p>Danse : <span style=\"color: #008000;\">Meriem Bouderouaya, Herv\u00e9 Merkel<\/span><\/p>\n<p>14) Medley Tiktok<\/p>\n<p>Danse :<span style=\"color: green;\"> Sandrine Griveau, <\/span><span style=\"color: #008000;\">Diana Vicente, M\u00e9rav Doukhan, Ga\u00eblle Josse, La\u00ebtitia Vinot, Maxime Frey, Herv\u00e9 Merkel, Laurent Brunet<\/span><\/p><\/blockquote>\n<div style=\"margin-left: 72.0pt;\">\n<p>\u2022 Dance monkey<span style=\"color: #008000;\"> Emilie Lacombe, Justine Fauvet<\/span><\/p>\n<p>\u2022 Laissez-moi danser <span style=\"color: #008000;\">Muriel Dehouck<\/span><\/p>\n<p>\u2022 Bad romance <span style=\"color: #008000;\">Christine Pereira, Madeleine Henri<\/span><\/p>\n<p>\u2022 Anissa <span style=\"color: #008000;\">La\u00ebtitia Vanhoollandt<\/span><\/p>\n<p>\u2022 Can&rsquo;t take my eyes off of you <span style=\"color: #008000;\"> Fabrice Fruteau<\/span><\/p>\n<p>\u2022 Jerusalema <span style=\"color: #008000;\">Andr\u00e9 Nguyen Van Nhieu, Jean-Luc Moral\u00e8s<\/span><\/p>\n<\/div>\n<blockquote><p>15) La cage aux oiseaux <span style=\"color: #008000;\">Yohan Garcia, Madeleine Henri, Valentine, Cl\u00e9mence, L\u00e9yan, Ewan et les Zicokids<\/span><\/p>\n<p>16) Medley Zicos d&rsquo;or<\/p>\n<blockquote><p>Pr\u00e9sentateurs : <span style=\"color: #008000;\">Martine Saliceti, Dorian Bedel<\/span><\/p><\/blockquote>\n<div style=\"margin-left: 72.0pt;\">\u2022 Sexual healing<span style=\"color: #008000;\"> Arnaud Guin<\/span><\/div>\n<div><\/div>\n<div style=\"margin-left: 72.0pt;\">\n<p>\u2022 Frida Oum Papa <span style=\"color: #008000;\">Viviane Vaugelade<\/span><\/p>\n<p>\u2022 Je t&rsquo;aime le lundi <span style=\"color: #008000;\">Laurent Brunet<\/span><\/p>\n<p>\u2022 Tu es mon autre <span style=\"color: #008000;\">Madeleine Henri, Justine Fauvet<\/span><\/p>\n<p>\u2022 Nos c\u00e9l\u00e9brations <span style=\"color: #008000;\">Yohan Garcia<\/span><\/p>\n<\/div>\n<p>17) Les divorc\u00e9s \/ Beau-papa \/ Double enfance <span style=\"color: #008000;\"> Emilie Lacombe, St\u00e9phane Potier, Dorian Bedel, Sandrine Griveau et les Zicokids (Arthur, Cl\u00e9mence, Ewan, Jina, Julia, Leyan, Lina, Nathan, S\u00e9l\u00e8ne, Tamy, Titouan, Valentine)<\/span><\/p>\n<p>18) Bella ciao <span style=\"color: #008000;\"> Laura Soldini, Denis Elme, Pedro Moreno, Maxime Frey et les Zicos<\/span><\/p>\n<p>19) Laissez les enfants r\u00eaver <span style=\"color: #008000;\">Viviane Vaugelade, Muriel Dehouck, Denis Elme, St\u00e9phane Potier, Cristof Gere, Dorian Bedel, T-Spy, Jean-Luc Moral\u00e8s, M\u00e9rav Doukhan, Laurent, Brunet, Fabrice Fruteau, Tatiana B., Pierre Collinet, Maxime Frey, les Zicos et les Zicokids (Arthur, Cl\u00e9mence, Ewan, Jina, Julia, Leyan, Lina, Nathan, S\u00e9l\u00e8ne, Tamy, Titouan, Valentine)<\/span><\/p><\/blockquote>\n<\/td>\n<\/tr>\n<tr>\n<td>\n<p align=\"center\">\n<\/td>\n<\/tr>\n<tr>\n<td><\/td>\n<\/tr>\n<\/tbody>\n<\/table>\n","protected":false},"excerpt":{"rendered":"<p>1) Toute premi\u00e8re fois Arnaud Guin, Herv\u00e9 Merkel, La\u00ebtitia Vanhoollandt, Laura Soldini, Ga\u00eblle Josse, Justine Fauvet, Audrey P\u00e9tric, Diana Vicente, Dorian Bedel, Christine Pereira,Sandrine Griveau, Laetitia Vinot et les Zicos 2) Blinding lights La\u00ebtitia Vanhoollandt, Arnaud Guin, Tatiana B. Danse : Sandrine Griveau, Justine Fauvet, Fabrice Fruteau, Diana Vicente, M\u00e9rav Doukhan, Muriel Dehouck, Emilie Lacombe, [&hellip;]<\/p>\n","protected":false},"author":1,"featured_media":0,"parent":0,"menu_order":0,"comment_status":"closed","ping_status":"closed","template":"","meta":{"footnotes":""},"class_list":["post-812","page","type-page","status-publish","hentry"],"_links":{"self":[{"href":"https:\/\/www.zicosite.fr\/new_site\/wp-json\/wp\/v2\/pages\/812","targetHints":{"allow":["GET"]}}],"collection":[{"href":"https:\/\/www.zicosite.fr\/new_site\/wp-json\/wp\/v2\/pages"}],"about":[{"href":"https:\/\/www.zicosite.fr\/new_site\/wp-json\/wp\/v2\/types\/page"}],"author":[{"embeddable":true,"href":"https:\/\/www.zicosite.fr\/new_site\/wp-json\/wp\/v2\/users\/1"}],"replies":[{"embeddable":true,"href":"https:\/\/www.zicosite.fr\/new_site\/wp-json\/wp\/v2\/comments?post=812"}],"version-history":[{"count":7,"href":"https:\/\/www.zicosite.fr\/new_site\/wp-json\/wp\/v2\/pages\/812\/revisions"}],"predecessor-version":[{"id":847,"href":"https:\/\/www.zicosite.fr\/new_site\/wp-json\/wp\/v2\/pages\/812\/revisions\/847"}],"wp:attachment":[{"href":"https:\/\/www.zicosite.fr\/new_site\/wp-json\/wp\/v2\/media?parent=812"}],"curies":[{"name":"wp","href":"https:\/\/api.w.org\/{rel}","templated":true}]}}