{"id":819,"date":"2024-05-10T23:18:50","date_gmt":"2024-05-10T21:18:50","guid":{"rendered":"https:\/\/www.zicosite.fr\/new_site\/?page_id=819"},"modified":"2024-05-10T23:52:25","modified_gmt":"2024-05-10T21:52:25","slug":"la-play-list-de-destination-zicos","status":"publish","type":"page","link":"https:\/\/www.zicosite.fr\/new_site\/la-play-list-de-destination-zicos\/","title":{"rendered":"La Play List de \u00ab\u00a0Destination Zicos\u00a0\u00bb"},"content":{"rendered":"<table align=\"center\">\n<tbody>\n<tr>\n<td>\n<blockquote><p><i>1) Dans un autre monde<\/i> <i><span style=\"color: green;\"> Justine Fauvet, <\/span><\/i><span style=\"color: #008000;\"><i>M\u00f6dh, Audrey P\u00e9tric, T-Spy, Tatiana B., Fabrice Fruteau, Viviane Vaugelade, Herv\u00e9 Merkel, Diana Vicente, Dorian Bedel, Laura Soldini, Catherine Delmau-Laffargue, Christine Pereira, Mathieu Don, M\u00e9rav Doukhan, Sandrine Griveau, La\u00ebtitia Vanhoollandt, Muriel Dehouck, Madeleine Henri et les Zicos<\/i><\/span><\/p>\n<p>2) Quand on est ensemble <span style=\"color: green;\"> Justine Fauvet, <\/span><span style=\"color: #008000;\">M\u00f6dh, Audrey P\u00e9tric, Fabrice Fruteau, Viviane Vaugelade, Diana Vicente, Dorian Bedel, Laura Soldini, Mathieu Don, M\u00e9rav Doukhan, La\u00ebtitia Vanhoollandt, Muriel Dehouck, Emilie Lacombe, Jean-Luc Moral\u00e8s, Laurent Brunet, Martine Saliceti et les Zicos<\/span><\/p>\n<p>3) Medley Manque<\/p>\n<div style=\"margin-left: 72.0pt;\">\u2022 Le blues de toi <span style=\"color: #008000;\">M\u00e9rav Doukhan, Dorian Bedel<\/span><\/div>\n<div style=\"margin-left: 72.0pt;\">\n<p>\u2022\u00a0 Stand by me <span style=\"color: #008000;\"> Tatiana B., Yohan Garcia <\/span><\/p>\n<p>\u2022\u00a0 Si seulement je pouvais lui manquer <span style=\"color: #008000;\">Justine Fauvet, Herv\u00e9 Merkel<\/span><\/p>\n<p>\u2022 Miss you <span style=\"color: #008000;\">Ga\u00eblle Josse, Jean-Luc Moral\u00e8s<\/span><\/p>\n<p>\u2022 L&rsquo;hymne \u00e0 l&rsquo;amour <span style=\"color: #008000;\">Muriel Dehouck, Cristof Gere<\/span><\/p>\n<\/div>\n<p>4) Balance ton quoi <span style=\"color: #008000;\"> M\u00e9rav Doukhan, Laura Soldini<\/span><\/p>\n<p>Choeurs : <span style=\"color: #008000;\">M\u00f6dh, Madeleine Henri, Audrey P\u00e9tric, Viviane Vaugelade, La\u00ebtitia Vanhoollandt, Sandrine Griveau, Martine Saliceti, Christine Pereira <\/span><br \/>\nDanse :<span style=\"color: green;\"> Herv\u00e9 Merkel, Fabrice Fruteau, Laurent Brunet, Jordan Bossert<\/span><\/p>\n<p>5) Medley D\u00e9bat<\/p>\n<p>La pr\u00e9sentatrice : <span style=\"color: #008000;\">Martine Saliceti<\/span><\/p><\/blockquote>\n<div style=\"margin-left: 72.0pt;\">\n<p>\u2022 Non non rien n&rsquo;a chang\u00e9 <span style=\"color: #008000;\"> Fabrice Fruteau<\/p>\n<p><\/span>\u2022 La grenade <span style=\"color: #008000;\">Catherine Delmau-Laffargue<\/p>\n<p><\/span>\u2022 Ca vaut mieux que d&rsquo;attraper la scarlatine <span style=\"color: #008000;\">Viviane Vaugelade <\/span><\/p>\n<p>\u2022 Jeune et con <span style=\"color: #008000;\">Herv\u00e9 Merkel<\/span><\/p>\n<p>\u2022 1990 <span style=\"color: #008000;\">St\u00e9phane Potier<\/span><\/p>\n<p>Danse : <span style=\"color: #008000;\">Emilie Lacombe, Diana Vicente, Ga\u00eblle Josse, Sandrine Griveau, Mathieu Don <\/span><\/p>\n<p>\u2022 Mourir pour des id\u00e9es <span style=\"color: #008000;\"> Laurent Brunet<\/span><\/p>\n<\/div>\n<blockquote><p>6) Sweet dreams <span style=\"color: #008000;\">Justine Fauvet, La\u00ebtitia Vanhoollandt, Mathieu Don, T-Spy <\/span><\/p>\n<p>Danse : <span style=\"color: #008000;\">M\u00e9rav Doukhan, Sandrine Griveau, Ga\u00eblle Josse, Diana Vicente, M\u00f6dh, Catherine Delmau-Laffargue, Emilie Lacombe, Tatiana B. <\/span><\/p>\n<p>7) Medley Code de la route<\/p>\n<p>Choeurs : <span style=\"color: #008000;\">Audrey P\u00e9tric, Martine Saliceti, Christine Pereira, Laura Soldini<\/span><\/p>\n<div style=\"margin-left: 72.0pt;\">\u2022 Roule <span style=\"color: #008000;\">Cristof Gere, Denis Elme<\/span><\/div>\n<div style=\"margin-left: 72.0pt;\">\n<p>\u2022 Stop <span style=\"color: green;\"> Tatiana B., Viviane Vaugelade <\/span><\/p>\n<p>\u2022 Les limites <span style=\"color: #008000;\">Emilie Lacombe, La\u00ebtitia Vanhoollandt<\/span><\/p>\n<p>\u2022 J&rsquo;entends siffler le train <span style=\"color: #008000;\"> Dorian Bedel, Yohan Garcia<\/span><\/p>\n<p>\u2022 Bouge de l\u00e0 <span style=\"color: #008000;\">Justine Fauvet, M\u00e9rav Doukhan<\/span><\/p>\n<\/div>\n<p>8) Can&rsquo;t help falling in love <span style=\"color: #008000;\">Laurent Brunet, Jean-Luc Moral\u00e8s, St\u00e9phane Potier<\/span><\/p>\n<p>9) Medley Tubes de l&rsquo;\u00e9t\u00e9<\/p>\n<p>Danse : <span style=\"color: #008000;\">Sandrine Griveau, Emilie Lacombe, M\u00e9rav Doukhan, Herv\u00e9 Merkel, Justine Fauvet, Laurent Brunet, Ga\u00eblle Josse, Laura Soldini, Jordan Bossert, Catherine Delmau-Laffargue, Jean-Luc Moral\u00e8s, Mathieu Don<\/span><\/p>\n<div style=\"margin-left: 72.0pt;\">\u2022 Voil\u00e0 l&rsquo;\u00e9t\u00e9 <span style=\"color: #008000;\">La\u00ebtitia Vanhoollandt, Yohan Garcia<\/span><\/div>\n<div style=\"margin-left: 72.0pt;\">\n<p>\u2022 Soca Dance <span style=\"color: #008000;\"> Audrey P\u00e9tric, Cristof Gere<\/span><\/p>\n<p>\u2022 Con Calma <span style=\"color: #008000;\">Muriel Dehouck, Mathieu Don<\/span><\/p>\n<p>\u2022 Un, Dos, Tres Maria <span style=\"color: #008000;\">Fabrice Fruteau, T-Spy<\/span><\/p>\n<p>\u2022 I gotta feeling <span style=\"color: #008000;\"> Christine Pereira, Tatiana B.<\/span><\/p>\n<p>\u2022 Lambada <span style=\"color: #008000;\">Diana Vicente, Madeleine Henri<\/span><\/p>\n<p>\u2022 Samba de Janeiro <span style=\"color: #008000;\">Les Zicos<\/span><\/p>\n<\/div>\n<p>10) A nos souvenirs <span style=\"color: #008000;\">Ga\u00eblle Josse, Muriel Dehouck, Arnaud Guin, Dorian Bedel <\/span><\/p>\n<p>Voix off : <span style=\"color: #008000;\">Laurent Brunet <\/span><\/p>\n<p>11) Ma r\u00e9v\u00e9rence <span style=\"color: #008000;\">Madeleine Henri, Audrey P\u00e9tric <\/span><\/p>\n<p>12) Medley 5 sens<\/p><\/blockquote>\n<div style=\"margin-left: 72.0pt;\">\n<p>\u2022 Le sens de la vie <span style=\"color: #008000;\">Diana Vicente, Laura Soldini<\/span><\/p>\n<p>\u2022 Alors regarde <span style=\"color: #008000;\">M\u00f6dh, Dorian Bedel<\/span><\/p>\n<p>\u2022 C&rsquo;est si bon <span style=\"color: green;\"> Emilie Lacombe, Denis Elme <\/span><\/p>\n<p>\u2022 Listen to your heart <span style=\"color: #008000;\"> Christine Pereira<\/span><\/p>\n<p>\u2022 Les plan\u00e8tes <span style=\"color: #008000;\">Arnaud Guin<\/span><\/p>\n<p>\u2022 Le pouvoir des fleurs <span style=\"color: #008000;\">Jordan Bossert, St\u00e9phane Potier<\/span><\/p>\n<\/div>\n<blockquote><p>13) Get lucky <span style=\"color: #008000;\">Fabrice Fruteau, Catherine Delmau-Laffargue, Laura Soldini<\/span><\/p>\n<p>Danse : <span style=\"color: #008000;\">Sandrine Griveau, M\u00e9rav Doukhan, Diana Vicente, Justine Fauvet, Tatiana B., Herv\u00e9 Merkel, Jean-Luc Moral\u00e8s, Mathieu Don<\/span><\/p>\n<p>14) Medley Contes de f\u00e9es<\/p>\n<p>Mickey : <span style=\"color: #008000;\">Martine Saliceti<\/span><\/p>\n<p>Choeurs : <span style=\"color: #008000;\">Catherine Delmau-Laffargue, La\u00eatitia Vanhoollandt, Emilie Lacombe, Fabrice Fruteau, Herv\u00e9 Merkel<\/span><\/p><\/blockquote>\n<div style=\"margin-left: 72.0pt;\">\n<p>\u2022 Cendrillon<span style=\"color: #008000;\"> Sandrine Griveau<\/span><\/p>\n<p>Danse : <span style=\"color: #008000;\">Emilie Lacombe, Fabrice Fruteau<\/span><\/p>\n<p>\u2022 Ali Baba <span style=\"color: #008000;\">Jordan Bossert<\/span><\/p>\n<p>Danse : <span style=\"color: #008000;\">M\u00e9rav Doukhan, Justine Fauvet, Tatiana B.<\/span><\/p>\n<p>\u2022 Dumbo <span style=\"color: #008000;\">Yohan Garcia<\/span><\/p>\n<p>\u2022 Le jouet extraordinaire <span style=\"color: #008000;\"> Jean-Luc Moral\u00e8s<\/span><\/p>\n<p>\u2022 Prince charmant <span style=\"color: #008000;\">Mathieu Don<\/span><\/p>\n<\/div>\n<blockquote><p>15) Il me dit que je suis belle <span style=\"color: #008000;\">M\u00f6dh, Diana Vicente, Viviane Vaugelade<\/span><\/p>\n<p>16) On ira tous au paradis <span style=\"color: #008000;\">Sandrine Griveau, Denis Elme<\/span><\/p>\n<p>Choeurs : <span style=\"color: #008000;\">Catherine Delmau-Laffargue, La\u00eatitia Vanhoollandt, Herv\u00e9 Merkel, Audrey P\u00e9tric, Christine Pereira, Cristof Gere, Emilie Lacombe, Jean-Luc Moral\u00e8s, Jordan Bossert, Laurent Brunet, Madeleine Henri, Mathieu Don, Muriel Dehouck, St\u00e9phane Potier, T-Spy, Yohan Garcia, Dorian Bedel, Martine Saliceti<\/span><\/p>\n<p>17) Medley Destination<\/p>\n<blockquote><p>Animatrice : <span style=\"color: #008000;\">Viviane Vaugelade<\/span><\/p><\/blockquote>\n<div style=\"margin-left: 72.0pt;\">\u2022 Mama Africa<span style=\"color: #008000;\"> Catherine Delmau-Laffargue, Jordan Bossert<\/span><\/div>\n<div style=\"margin-left: 72.0pt;\">\n<p>\u2022 Mexico <span style=\"color: #008000;\">Ga\u00eblle Josse, Audrey P\u00e9tric<\/span><\/p>\n<p>\u2022 Casatschok <span style=\"color: #008000;\">Sandrine Griveau, M\u00f6dh<\/span><\/p>\n<p>\u2022 Ti amo <span style=\"color: #008000;\">Christine Pereira, Laurent Brunet<\/span><\/p>\n<p>\u2022 Born in the USA <span style=\"color: #008000;\">Madeleine Henri, T-Spy<\/span><\/p>\n<\/div>\n<p>Choeurs : <span style=\"color: #008000;\">Les Zicos<\/span><\/p>\n<p>18) Destination ailleurs <span style=\"color: #008000;\">Emilie Lacombe, Herv\u00e9 Merkel et les Zicos<\/span><\/p>\n<p>19) Aimons-nous vivants <span style=\"color: #008000;\">Arnaud Guin, Audrey P\u00e9tric, La\u00ebtitia Vanhoollandt, Viviane Vaugelade, Laura Soldini, Muriel Dehouck, M\u00f6dh, Denis Elme, Yohan Garcia, St\u00e9phane Potier, Cristof Gere, Dorian Bedel, Christine Pereira, T-Spy, Madeleine Henri, Jean-Luc Moral\u00e8s et les Zicos<\/span><\/p>\n<p>Danse : <span style=\"color: #008000;\">Ga\u00eblle Josse, Sandrine Griveau, M\u00e9rav Doukhan, Catherine Delmau-Laffargue, Tatiana B., Justine Fauvet, Herv\u00e9 Merkel, Laurent Brunet, Fabrice Fruteau, Diana Vicente, Emilie Lacombe, Jordan Bossert, Mathieu Don<\/span><\/p><\/blockquote>\n<\/td>\n<\/tr>\n<tr>\n<td>\n<p align=\"center\">\n<\/td>\n<\/tr>\n<tr>\n<td><\/td>\n<\/tr>\n<\/tbody>\n<\/table>\n","protected":false},"excerpt":{"rendered":"<p>1) Dans un autre monde Justine Fauvet, M\u00f6dh, Audrey P\u00e9tric, T-Spy, Tatiana B., Fabrice Fruteau, Viviane Vaugelade, Herv\u00e9 Merkel, Diana Vicente, Dorian Bedel, Laura Soldini, Catherine Delmau-Laffargue, Christine Pereira, Mathieu Don, M\u00e9rav Doukhan, Sandrine Griveau, La\u00ebtitia Vanhoollandt, Muriel Dehouck, Madeleine Henri et les Zicos 2) Quand on est ensemble Justine Fauvet, M\u00f6dh, Audrey P\u00e9tric, Fabrice [&hellip;]<\/p>\n","protected":false},"author":1,"featured_media":0,"parent":0,"menu_order":0,"comment_status":"closed","ping_status":"closed","template":"","meta":{"footnotes":""},"class_list":["post-819","page","type-page","status-publish","hentry"],"_links":{"self":[{"href":"https:\/\/www.zicosite.fr\/new_site\/wp-json\/wp\/v2\/pages\/819","targetHints":{"allow":["GET"]}}],"collection":[{"href":"https:\/\/www.zicosite.fr\/new_site\/wp-json\/wp\/v2\/pages"}],"about":[{"href":"https:\/\/www.zicosite.fr\/new_site\/wp-json\/wp\/v2\/types\/page"}],"author":[{"embeddable":true,"href":"https:\/\/www.zicosite.fr\/new_site\/wp-json\/wp\/v2\/users\/1"}],"replies":[{"embeddable":true,"href":"https:\/\/www.zicosite.fr\/new_site\/wp-json\/wp\/v2\/comments?post=819"}],"version-history":[{"count":3,"href":"https:\/\/www.zicosite.fr\/new_site\/wp-json\/wp\/v2\/pages\/819\/revisions"}],"predecessor-version":[{"id":845,"href":"https:\/\/www.zicosite.fr\/new_site\/wp-json\/wp\/v2\/pages\/819\/revisions\/845"}],"wp:attachment":[{"href":"https:\/\/www.zicosite.fr\/new_site\/wp-json\/wp\/v2\/media?parent=819"}],"curies":[{"name":"wp","href":"https:\/\/api.w.org\/{rel}","templated":true}]}}