{"id":824,"date":"2024-05-10T23:30:18","date_gmt":"2024-05-10T21:30:18","guid":{"rendered":"https:\/\/www.zicosite.fr\/new_site\/?page_id=824"},"modified":"2024-05-10T23:30:19","modified_gmt":"2024-05-10T21:30:19","slug":"la-play-list-de-les-zicos-partent-en-live","status":"publish","type":"page","link":"https:\/\/www.zicosite.fr\/new_site\/la-play-list-de-les-zicos-partent-en-live\/","title":{"rendered":"La Play List de \u00ab\u00a0Les Zicos partent en live !\u00a0\u00bb"},"content":{"rendered":"<table align=\"center\">\n<tbody>\n<tr>\n<td>\n<blockquote><p><i>1) En l&rsquo;an 2001<\/i> <i><span style=\"color: green;\"> Les enfants de la com\u00e9die, Cristof Gere, <\/span><\/i><span style=\"color: #008000;\"> <i>Sandrine Rozier et les Zicos<\/i><\/span><\/p>\n<p>2) Laissez-nous chanter<span style=\"color: green;\"> Ang\u00e9lique Igl\u00e9sias, Aurore Michel, Christine Pereira, Laura Soldini, <\/span><span style=\"color: #008000;\"> Cristof Gere, Denis Elme, Dorian Bedel, Emilie Lacombe , Fabrice Fruteau, Herv\u00e9 Merkel, Justine Fauvet, Madeleine Henri, Mathieu Don, M\u00e9rav Doukhan, No\u00e9mie Luxain, Sandrine Rozier, Sandrine Griveau, Tatiana B., Yohan Garcia et Les Zicos<\/span><\/p>\n<p>3) Medley Ca part en live<\/p>\n<p>Pr\u00e9sentation : <span style=\"color: #008000;\">Martine Saliceti<\/span><\/p>\n<div style=\"margin-left: 72.0pt;\">\u2022 Folie arcadienne <span style=\"color: #008000;\">Ga\u00eblle Josse, Christine Pereira, Mathieu Don<\/span><\/div>\n<div style=\"margin-left: 72.0pt;\">\n<p>\u2022\u00a0 Crazy in love <span style=\"color: #008000;\">Tatina B., Justine Fauvet <\/span><\/p>\n<p>\u2022\u00a0 Je me l\u00e2che <span style=\"color: #008000;\">Marie Rodrigues, Rony<\/span><\/p>\n<p>\u2022 Stayin&rsquo; alive <span style=\"color: #008000;\">Fabrice Fruteau<\/span><\/p>\n<p>\u2022 Shake it off <span style=\"color: #008000;\">Emilie Lacombe, Aurore Michel<\/span><\/p>\n<\/div>\n<p>Danse :<span style=\"color: #008000;\"> Sandrine Griveau, No\u00e9mie Luxain, M\u00e9rav Doukhan, Myriam Fi\u00e9v\u00e9, Herv\u00e9 Merkel, Maxime Frey<\/span><\/p>\n<p>4) Ma r\u00e9volution <span style=\"color: #008000;\">Estelle Fi\u00e9v\u00e9, M\u00f6dh, Laura Soldini, La\u00ebtitia Vanhoollandt<\/p>\n<p><\/span>5) Medley Histoire d&rsquo;amour<\/p><\/blockquote>\n<div style=\"margin-left: 72.0pt;\">\n<p>\u2022 Les mots bleus <span style=\"color: #008000;\">Marie Rodrigues, Denis Elme<\/p>\n<p><\/span>\u2022 Je t&rsquo;aime <span style=\"color: #008000;\">M\u00f6dh, Maxime Frey<\/p>\n<p><\/span>\u2022 En cloque <span style=\"color: #008000;\">Ga\u00eblle Josse, St\u00e9phane Potier <\/span><\/p>\n<p>\u2022 Comme d&rsquo;habitude <span style=\"color: #008000;\">Ang\u00e9lique Igl\u00e9sias, Yohan Garcia<\/span><\/p>\n<p>\u2022 I will always love you <span style=\"color: #008000;\"> No\u00e9mie Luxain, Rony<\/span><\/p>\n<\/div>\n<blockquote><p>6) Loin du froid de d\u00e9cembre <span style=\"color: #008000;\">Aurore Michel, Audrey P\u00e9tric, Laura Soldini <\/span><\/p>\n<p>Choeurs : <span style=\"color: #008000;\">Tatiana B., Christine Pereira, Sandrine Rozier, Justine Fauvet, Madeleine Henri, La\u00ebtitia Vanhoollandt, Guillaume Dessay, Cristof Gere<\/span><br \/>\nDanse : <span style=\"color: #008000;\">M\u00e9rav Doukhan, Sandrine Griveau, Emilie Lacombe, Fabrice Fruteau, Mathieu Don, Herv\u00e9 Merkel<\/span><\/p>\n<p>7) Made in Normandie \/ Pomme <span style=\"color: #008000;\">No\u00e9mie Luxain, Dorian Bedel, Ang\u00e9lique Igl\u00e9sias, Maxime Frey<\/span><\/p>\n<p>8) Medley Jeu des 7 familles<\/p>\n<p>Voix off : <span style=\"color: #008000;\">Cl\u00e9mence Rousseau, Hadrien Fraignaud<\/span><\/p>\n<div style=\"margin-left: 72.0pt;\">\n<p>\u2022 Daddy cool <span style=\"color: #008000;\">Herv\u00e9 Merkel<\/span><\/p>\n<p>\u2022 Riche <span style=\"color: #008000;\">Guillaume Dessay<\/span><\/p>\n<p>\u2022 Mamie blue <span style=\"color: #008000;\"> Christine Pereira, Audrey P\u00e9tric<\/p>\n<p><\/span>\u2022 Simon papa tara <span style=\"color: #008000;\">Aurore Michel, Cristof Gere<\/span><\/p>\n<p>\u2022 Petite soeur <span style=\"color: #008000;\">M\u00e9rav Doukhan, Fabrice Fruteau<\/span><\/p>\n<p>\u2022 M&rsquo;man <span style=\"color: #008000;\">Sandrine Griveau, Dorian Bedel<\/span><\/p>\n<p>\u2022 We are family <span style=\"color: #008000;\">Madeleine Henri, Ang\u00e9lique Igl\u00e9sias, Mathieu Don<\/span><\/p>\n<\/div>\n<p>9) Battez-vous <span style=\"color: #008000;\">Justine Fauvet, Yohan Garcia<\/span><\/p>\n<p>Choeurs : <span style=\"color: #008000;\">Ga\u00eblle Josse, La\u00ebtitia Vanhoollandt, Tatiana B., Cristof Gere, Rony, Guillaume Dessay<br \/>\n<\/span>Danse :<span style=\"color: #008000;\"> Aurore Michel, Mathieu Don et le public<\/p>\n<p><\/span>10) Qu&rsquo;est-ce qu&rsquo;on attend pour \u00eatre heureux <span style=\"color: #008000;\">Audrey P\u00e9tric, Denis Elme, Herv\u00e9 Merkel et les enfants de la com\u00e9die <\/span><\/p>\n<p>Danse :<span style=\"color: green;\"> Les enfants de la com\u00e9die, Section Danse de l&rsquo;Association Renaissance et culture, Caroline Avot, Audrey Glacet, <\/span> <span style=\"color: #008000;\">M\u00e9rav Doukhan, <\/span> <span style=\"color: green;\">Sandrine Griveau, <\/span><span style=\"color: #008000;\">Emilie Lacombe, Mari Rodrigues, Myriam Fi\u00e9v\u00e9, Laura Soldini, Maxime Frey, Fabrice Fruteau, Herv\u00e9 Merkel<\/span><\/p>\n<p>11) Medley Questions \/ R\u00e9ponses<\/p><\/blockquote>\n<div style=\"margin-left: 72.0pt;\">\n<p>\u2022 Tu veux ou tu veux pas ? <span style=\"color: #008000;\">Herv\u00e9 Merkel<\/span><\/p>\n<p>\u2022 Non, non, non (Ecouter Barbara) <span style=\"color: green;\"> Sandrine Rozier <\/span><\/p>\n<p>\u2022 Qui a le droit ? <span style=\"color: #008000;\">Laura Soldini<\/span><\/p>\n<p>\u2022 On a tous le droit <span style=\"color: #008000;\">Madeleine Henri<\/span><\/p>\n<p>\u2022 Est-ce que tu viens pour les vacances ? <span style=\"color: #008000;\">Yohan Garcia<\/span><\/p>\n<p>\u2022 J&rsquo;irai ou tu iras <span style=\"color: #008000;\">La\u00ebtitia Vanhoollandt<\/span><\/p>\n<\/div>\n<blockquote><p>12) J&rsquo;ai cherch\u00e9 <span style=\"color: #008000;\">Tatiana B., Mathieu Don<\/span><\/p>\n<p>Choeurs : <span style=\"color: #008000;\">Aurore Michel, Estelle Fi\u00e9v\u00e9, Cristof Gere, St\u00e9phane Potier, Dorian Bedel, Fabrice Fruteau, Ga\u00eblle Josse, Guillaume Dessay, Justine Fauvet, Madeleine Henri, Denis Elme, Sandrine Rozier, Christine Pereira, M\u00f6dh, No\u00e9mie Luxain, Yohan Garcia, Martine Saliceti, Emilie Lacombe<\/span><\/p>\n<p>13) Le temps ne fait rien \u00e0 l&rsquo;affaire <span style=\"color: #008000;\"> Myriam Fi\u00e9v\u00e9, Guillaume Dessay, St\u00e9phane Potier<\/span><\/p>\n<p>14) Medley En Exode<\/p><\/blockquote>\n<div style=\"margin-left: 72.0pt;\">\n<p>\u2022 R\u00e9fugi\u00e9 (Texte d&rsquo;Etienne Roda-Gil)<span style=\"color: #008000;\"> Les enfants de la com\u00e9die<\/span><\/p>\n<p>\u2022 De Bretagne ou d&rsquo;ailleurs <span style=\"color: #008000;\"> Sandrine Griveau<\/span><\/p>\n<p>\u2022 Lily <span style=\"color: #008000;\">Sandrine Rozier, Guillaume Dessay<\/span><\/p>\n<p>\u2022 Je suis chez moi <span style=\"color: #008000;\">Dorian Bedel<\/span><\/p>\n<p>Danse : <span style=\"color: #008000;\">C\u00e9lestin Seraphine<\/span><\/p>\n<p>\u2022 N\u00e9 quelque part <span style=\"color: #008000;\">Myriam Fi\u00e9v\u00e9, Herv\u00e9 Merkel<\/span><\/p>\n<p>\u2022 Les murs de poussi\u00e8re <span style=\"color: #008000;\"> La\u00ebtitia Vanhoollandt, Cristof Gere<\/span><\/p>\n<\/div>\n<div style=\"margin-left: 72.0pt;\">\n<p>\u2022 Pour les enfants du monde entier <span style=\"color: #008000;\">Estelle Fi\u00e9v\u00e9, St\u00e9phane Potier<\/span><\/p>\n<p>\u2022 Tout le monde <span style=\"color: #008000;\">Les enfants de la com\u00e9die et Les Zicos<\/span><\/p>\n<\/div>\n<blockquote><p>15) The best <span style=\"color: #008000;\">M\u00f6dh, Madeleine Henri, Rony<\/span><\/p>\n<p>Choeurs :<span style=\"color: #008000;\"> Ang\u00e9lique Igl\u00e9sias, Audrey P\u00e9tric, Christine Pereira, Dorian Bedel, Mathieu Don, Fabrice Fruteau<\/span><br \/>\nDanse : <span style=\"color: green;\"> Section Danse de l&rsquo;Association Renaissance et culture, <\/span> <span style=\"color: #008000;\"> Caroline Avot, Audrey Glacet, M\u00e9rav Doukhan, No\u00e9mie Luxain, Laura Soldini, Tatiana B., Justine Fauvet <\/span><\/p>\n<p>16) Medley Sp\u00e9ciale D\u00e9dicace<\/p>\n<p>Animatrice public : <span style=\"color: #008000;\">Martine Saliceti<\/span><\/p><\/blockquote>\n<div style=\"margin-left: 72.0pt;\">\n<p>\u2022 Mets de l&rsquo;huile <span style=\"color: #008000;\">Myriam Fi\u00e9v\u00e9, Emilie Lacombe<\/span><\/p>\n<p>\u2022 Ca m&rsquo;\u00e9nerve <span style=\"color: #008000;\">M\u00e9rav Doukhan, Maxime Frey<\/span><\/p>\n<p>\u2022 Tu te laisses aller <span style=\"color: #008000;\">Denis Elme<\/span><\/p>\n<p>\u2022 Si tu pouvais fermer ta gueule <span style=\"color: #008000;\">Estelle Fi\u00e9v\u00e9, Tatiana B.<\/span><\/p>\n<p>\u2022 Ma plus belle histoire d&rsquo;amour <span style=\"color: #008000;\">No\u00e9mie Luxain et les Zicos<\/span><\/p>\n<\/div>\n<blockquote><p>16 bis) Medley Jackson <span style=\"color: #008000;\">Les enfants de la com\u00e9die<\/span><\/p><\/blockquote>\n<blockquote><p>17) I wanna be loved by you <span style=\"color: #008000;\"> M\u00e9rav Doukhan, Ga\u00eblle Josse, Emilie Lacombe, Sandrine Griveau<\/span><\/p>\n<p>Danse :<span style=\"color: #008000;\"> M\u00e9rav Doukhan, Ga\u00eblle Josse, Emilie Lacombe, Sandrine Griveau, MyriamFi\u00e9v\u00e9, M\u00f6dh, Aurore Michel, Marie Rodrigues, No\u00e9mie Luxain, Laura Soldini, Tatiana B., Justine Fauvet <\/span><\/p>\n<p>18) Je n&rsquo;aurai pas le temps <span style=\"color: #008000;\"> Christine Pereira, Justine Fauvet, Marie Rodrigues, Fabrice Fruteau et les Zicos<\/span><\/p>\n<p>19) Mourir sur sc\u00e8ne <span style=\"color: #008000;\"> Marie Rodrigues, Herv\u00e9 Merkel, Sandrine Griveau, Guillaume Dessay, Emilie Lacombe, Cristof Gere, No\u00e9mie Luxain, Denis Elme, Ga\u00eblle Josse, Mathieu Don, Rony, St\u00e9phane Potier, M\u00e9rav Doukhan, Yohan Garcia, Audrey P\u00e9tric, Dorian Bedel, Christine Pereire, Maxime Frey, Fabrice Fruteau, Madeleine Henri et les Zicos<\/span><\/p><\/blockquote>\n<\/td>\n<\/tr>\n<tr>\n<td>\n<p align=\"center\">\n<\/td>\n<\/tr>\n<tr>\n<td><\/td>\n<\/tr>\n<\/tbody>\n<\/table>\n","protected":false},"excerpt":{"rendered":"<p>1) En l&rsquo;an 2001 Les enfants de la com\u00e9die, Cristof Gere, Sandrine Rozier et les Zicos 2) Laissez-nous chanter Ang\u00e9lique Igl\u00e9sias, Aurore Michel, Christine Pereira, Laura Soldini, Cristof Gere, Denis Elme, Dorian Bedel, Emilie Lacombe , Fabrice Fruteau, Herv\u00e9 Merkel, Justine Fauvet, Madeleine Henri, Mathieu Don, M\u00e9rav Doukhan, No\u00e9mie Luxain, Sandrine Rozier, Sandrine Griveau, Tatiana [&hellip;]<\/p>\n","protected":false},"author":1,"featured_media":0,"parent":0,"menu_order":0,"comment_status":"closed","ping_status":"closed","template":"","meta":{"footnotes":""},"class_list":["post-824","page","type-page","status-publish","hentry"],"_links":{"self":[{"href":"https:\/\/www.zicosite.fr\/new_site\/wp-json\/wp\/v2\/pages\/824","targetHints":{"allow":["GET"]}}],"collection":[{"href":"https:\/\/www.zicosite.fr\/new_site\/wp-json\/wp\/v2\/pages"}],"about":[{"href":"https:\/\/www.zicosite.fr\/new_site\/wp-json\/wp\/v2\/types\/page"}],"author":[{"embeddable":true,"href":"https:\/\/www.zicosite.fr\/new_site\/wp-json\/wp\/v2\/users\/1"}],"replies":[{"embeddable":true,"href":"https:\/\/www.zicosite.fr\/new_site\/wp-json\/wp\/v2\/comments?post=824"}],"version-history":[{"count":1,"href":"https:\/\/www.zicosite.fr\/new_site\/wp-json\/wp\/v2\/pages\/824\/revisions"}],"predecessor-version":[{"id":825,"href":"https:\/\/www.zicosite.fr\/new_site\/wp-json\/wp\/v2\/pages\/824\/revisions\/825"}],"wp:attachment":[{"href":"https:\/\/www.zicosite.fr\/new_site\/wp-json\/wp\/v2\/media?parent=824"}],"curies":[{"name":"wp","href":"https:\/\/api.w.org\/{rel}","templated":true}]}}