{"id":830,"date":"2024-05-10T23:36:44","date_gmt":"2024-05-10T21:36:44","guid":{"rendered":"https:\/\/www.zicosite.fr\/new_site\/?page_id=830"},"modified":"2024-05-10T23:36:44","modified_gmt":"2024-05-10T21:36:44","slug":"la-play-list-de-les-zicos-menent-la-danse","status":"publish","type":"page","link":"https:\/\/www.zicosite.fr\/new_site\/la-play-list-de-les-zicos-menent-la-danse\/","title":{"rendered":"La Play List de \u00ab\u00a0Les Zicos m\u00e8nent la danse\u00a0\u00bb"},"content":{"rendered":"<table align=\"center\">\n<tbody>\n<tr>\n<td>\n<blockquote><p>1) <i>Louxor j&rsquo;adore<\/i> <i><span style=\"color: green;\"> Fr\u00e9d\u00e9ric Batty, Dorian Bedel, Tatiana B., Myriam Fi\u00e9v\u00e9<\/span><\/i><\/p>\n<p>Danse : <span style=\"color: #008000;\"> M\u00e9rav Doukhan, <\/span><span style=\"color: green;\"> Estelle Fi\u00e9v\u00e9, Sandrine Griveau, Emilie Lacombe, <\/span><span style=\"color: #008000;\">Marie Rodrigues, La\u00ebtitia Vanhoollandt<\/span><\/p>\n<p>2) Entrer dans la lumi\u00e8re <span style=\"color: green;\">Aurore Michel, La\u00ebtitia Vinot et les Zicos<\/span><\/p>\n<p>3) Unchain my heart <span style=\"color: #008000;\">Guillaume Dessay, Guillaume Drivierre, M\u00f6dh<\/span><\/p>\n<p>Choeurs : <span style=\"color: #008000;\">Tatiana B., Madeleine Henri, Emilie Lacombe, No\u00e9mie Luxain, La\u00ebtitia Vanhoollandt<br \/>\n<\/span>Danse : <span style=\"color: #008000;\">Catherine Delmau, M\u00e9rav Doukhan, <\/span> <span style=\"color: green;\"> Myriam Fi\u00e9v\u00e9, Sandrine Griveau, <\/span> <span style=\"color: #008000;\">Laura Soldini<\/span><\/p>\n<p>4) Medley DANSE<\/p><\/blockquote>\n<div style=\"margin-left: 72.0pt;\">\n<p>\u2022 Nuit de folie <span style=\"color: #008000;\"> Dorian Bedel, La\u00ebtitia Vanhoollandt<\/span><\/p>\n<p>\u2022 Quand elle danse <span style=\"color: #008000;\">Yohan Garcia, Audrey P\u00e9tric <\/span><\/p>\n<p>\u2022 Voulez-vous danser grand-m\u00e8re <span style=\"color: #008000;\">No\u00e9mie Luxain, Christine Pereira<\/span><\/p>\n<p>\u2022 <span style=\"font-family: Times New Roman;\">Derni\u00e8re danse<\/span> <span style=\"color: #008000;\">Madeleine Henri, Herv\u00e9 Merkel<\/span><\/p>\n<p>\u2022 Danse s&rsquo;y <span style=\"color: #008000;\">Cristof Gere<\/span><\/p>\n<\/div>\n<blockquote><p>Danse : <span style=\"color: #008000;\">Danseuses \u00ab\u00a0Classique\u00a0\u00bb de l&rsquo;ASV Villebon<\/span><\/p>\n<p>5)\u00a0 Prendre un enfant par la main <span style=\"color: #008000;\"> Dorian Bedel, Christine Pereira<\/span><\/p>\n<p>6) Les rois du monde <span style=\"color: #008000;\">Mika Apamian, Fr\u00e9d\u00e9ric Batty, Cristof Gere, Gr\u00e9gory Leroudier <\/span><\/p>\n<p>Choeurs : <span style=\"color: #008000;\"> Tatiana B., Denis Elme, No\u00e9mie Luxain, Herv\u00e9 Merkel, Aurore Michel, M\u00f6dh, La\u00ebtitia Vinot<br \/>\n<\/span>Danse : <span style=\"color: #008000;\"> Tatiana B., Catherine Delmau, M\u00e9rav Doukhan, Denis Elme, Estelle Fi\u00e9v\u00e9, <\/span> <span style=\"color: green;\"> Sandrine Griveau, <\/span> <span style=\"color: #008000;\">Emilie Lacombe, No\u00e9mie Luxain, Herv\u00e9 Merkel, Aurore Michel, M\u00f6dh, Marie Rodrigues, Laura Soldini, La\u00ebtitia Vinot <\/span><\/p>\n<p>7) Medley ENTRETIEN D&rsquo;EMBAUCHE<\/p>\n<p><span style=\"color: #008000;\">Martine Saliceti<\/span><\/p><\/blockquote>\n<div style=\"margin-left: 72.0pt;\">\n<p>\u2022 Il ne rentre pas ce soir <span style=\"color: #008000;\">Madeleine Henri, Laurent Roux<\/span><\/p>\n<p>\u2022 Le poin\u00e7onneur des Lilas <span style=\"color: #008000;\">Yohan Garcia<\/span><\/p>\n<p>\u2022 Hasta Siempre <span style=\"color: #008000;\">Sandrine Griveau<br \/>\n<\/span>Choeurs : <span style=\"color: #008000;\">Dorian Bedel, Sandrine Drawin, Cristof Gere, Gr\u00e9gory Leroudier, M\u00f6dh<\/span><\/p>\n<p>\u2022 C&rsquo;est vrai <span style=\"color: #008000;\">Merav Doukhan<br \/>\n<\/span>Danse : <span style=\"color: #008000;\">M\u00e9rav Doukhan, Guillaume Dessay, Guillaume Drivierre, Denis Elme<\/span><\/p>\n<p>\u2022 Je veux <span style=\"color: #008000;\">No\u00e9mie Luxain<\/span><\/p>\n<p>\u2022 Ma petite entreprise <span style=\"color: #008000;\">Myriam Fi\u00e9v\u00e9<\/span><\/p>\n<\/div>\n<blockquote><p>8) Comme des enfants <span style=\"color: #008000;\"> Catherine Delmau, Estelle Fi\u00e9v\u00e9, Laura Soldini<\/span><\/p>\n<p>Choeurs : <span style=\"color: #008000;\">Dorian Bedel, Fr\u00e9d\u00e9ric Batty, Sandrine Drawin, Madeleine Henri, Gr\u00e9gory Leroudier, Audrey P\u00e9tric, Laurent Roux, Anita Tichit<\/span><\/p>\n<p>9) Les lacs du Connemara <span style=\"color: #008000;\">Denis Elme, Yohan Garcia, La\u00ebtitia Vanhoollandt <\/span><\/p>\n<p>Danse :<span style=\"color: green;\"> Mika Apamian, <\/span> <span style=\"color: #008000;\">Tatiana B., Catherine Delmau, M\u00e9rav Doukhan, Estelle Fi\u00e9v\u00e9, Myriam Fi\u00e9v\u00e9, <\/span><span style=\"color: green;\"> Sandrine Griveau, Emilie Lacombe, Marie Rodrigues, Laura Soldini<\/span><\/p>\n<p>10)\u00a0 Woman in love <span style=\"color: #008000;\">No\u00e9mie Luxain, Audrey P\u00e9tric<\/span><\/p>\n<p>Choeurs : <span style=\"color: #008000;\">Aurore Michel, M\u00f6dh, Christine Pereira, La\u00ebtitia Vinot<\/span><\/p>\n<p>11) Medley F.M.<\/p>\n<p><span style=\"color: #008000;\">Martine Saliceti<\/span><\/p><\/blockquote>\n<div style=\"margin-left: 72.0pt;\">\n<p>\u2022 Locked out of heaven <span style=\"color: green;\">Tatiana B., Herv\u00e9 Merkel, Laura Soldini <\/span><\/p>\n<p>\u2022 Elle me dit <span style=\"color: green;\">Dorian Bedel <\/span><\/p>\n<p>\u2022 Ca c&rsquo;est vraiment toi <span style=\"color: #008000;\"> Myriam Fi\u00e9v\u00e9, Aurore Michel\u00a0<\/span><\/p>\n<p>\u2022 I want you back <span style=\"color: #008000;\">Mika Apamian<\/span><\/p>\n<p>\u2022 Ensemble <span style=\"color: #008000;\">Guillaume Dessay, M\u00f6dh, Marie Rodrigues<\/span><\/p>\n<p>\u2022 Please don&rsquo;t stop the music <span style=\"color: #008000;\"> Catherine Delmau, Emilie Lacombe<\/span><\/p>\n<\/div>\n<blockquote><p>Danse : <span style=\"color: #008000;\">Sandrine Griveau, No\u00e9mie Luxain, M\u00e9rav Doukhan, Sandrine Caz\u00e8s, Guillaume Drivierre, Estelle Fi\u00e9v\u00e9, La\u00ebtitia Vanhhoollandt, La\u00ebtitia Vinot et les danseuses de l&rsquo;association Osmoz de Villejust \/ Danseuses de l&rsquo;ASV Villebon<\/span><\/p>\n<p>12) La chanson des vieux amants <span style=\"color: #008000;\">Sandrine Drawin, Cristof Gere, Laurent Roux, Anita Tichit<\/span><\/p>\n<p>Danse : <span style=\"color: #008000;\">Sol\u00e8ne Wachter et Vincent Dupuy<\/span><\/p>\n<p>13) Le d\u00eener <span style=\"color: #008000;\">M\u00e9rav Doukhan, Herv\u00e9 Merkel<\/span><\/p>\n<p>14) Medley B.O.<\/p><\/blockquote>\n<div style=\"margin-left: 72.0pt;\">\n<p>\u2022 Skyfall <span style=\"color: #008000;\">La\u00ebtitia Vinot<\/span><\/p>\n<p>\u2022 La chanson des jumelles <span style=\"color: #008000;\">Sandrine Drawin, M\u00f6dh<\/span><\/p>\n<p>\u2022 Calling you <span style=\"color: #008000;\">Madeleine Henri<\/span><\/p>\n<p>\u2022 Bonbons caramels <span style=\"color: #008000;\">Emilie Lacombe, Martine Saliceti, Anita Tichit<\/span><\/p>\n<p>\u2022 Singin&rsquo; in the rain <span style=\"color: #008000;\">Gr\u00e9gory Leroudier, Marie Rodrigues<\/span><\/p>\n<\/div>\n<blockquote><p>Danse : <span style=\"color: #008000;\">Mika Apamian, Estelle Fi\u00e9v\u00e9, Herv\u00e9 Merkel, Laura Soldini<\/span><\/p><\/blockquote>\n<div style=\"margin-left: 72.0pt;\">\n<p>\u2022 Everybody needs somebody to love <span style=\"color: #008000;\">Fr\u00e9d\u00e9rix Batty, Guillaume Drivierre<\/span><\/p>\n<p>\u2022 My heart will go on <span style=\"color: #008000;\">Aurore Michel, Christine Pereira<\/span><\/p>\n<p>\u2022 La derni\u00e8re s\u00e9ance <span style=\"color: #008000;\">Dorian Bedel, Denis Elme<\/span><\/p>\n<\/div>\n<blockquote><p>15) Papaoutai <span style=\"color: #008000;\">Tatiana B., Sandrine Griveau, Emilie Lacombe<\/span><\/p>\n<p>Danse : <span style=\"color: #008000;\">Catherine Delmau, M\u00e9rav Doukhan, Myriam Fi\u00e9v\u00e9, No\u00e9mie Luxain, Herv\u00e9 Merkel, Aurore Michel, M\u00f6dh, La\u00eatitia Vinot<br \/>\n<\/span>Basket : <span style=\"color: #008000;\">Basketteurs de Palaiseau<\/span><\/p>\n<p>16) Le sampa <span style=\"color: #008000;\">Guillaume Drivierre, Estelle Fi\u00e9v\u00e9, Madeleine Henri, Audrey P\u00e9tric, Marie Rodrigues<\/span><\/p>\n<p>17) Medley FIN DE SOIREE<\/p><\/blockquote>\n<div style=\"margin-left: 72.0pt;\">\n<p>\u2022 Les cactus <span style=\"color: #008000;\">Denis Elme, Gr\u00e9gory Leroudier, Laurent Roux<\/span><\/p>\n<p>\u2022 On va s&rsquo;aimer <span style=\"color: #008000;\">M\u00e9rav Doukhan, Guillaume Drivierre<\/span><\/p>\n<p>\u2022 Ah le petit vin blanc <span style=\"color: #008000;\">Estelle Fi\u00e9v\u00e9, Sandrine Griveau<\/span><\/p>\n<p>\u2022 C\u00e9line <span style=\"color: #008000;\">Laura Soldini, Anita Tichit<\/span><\/p>\n<p>\u2022 Chanson populaire <span style=\"color: #008000;\">Mika Apamian, La\u00ebtitia Vinot<\/span><\/p>\n<p>\u2022 La tribu de Dana <span style=\"color: #008000;\">Guillaume Dessay, Sandrine Drawin, Audrey P\u00e9tric<\/span><\/p>\n<p>\u2022 L&rsquo;envie d&rsquo;aimer <span style=\"color: #008000;\">Fr\u00e9d\u00e9ric Batty, Catherine Delmau, La\u00ebtitia Vanhoollandt<\/span><\/p>\n<\/div>\n<blockquote><p>18) Famille<span style=\"color: #008000;\"> Mika Apamian, Fr\u00e9d\u00e9ric Batty, Dorian Bedel, Guillaume Dessay, M\u00e9rav Doukhan, Sandrine Drawin, Guillaume Drivierre, Yohan Garcia, Cristof Gere, Sandrine Griveau, Madeleine Henri, Emilie, Lacombe, Gr\u00e9gory Leroudier, No\u00e9mie Luxain, Herv\u00e9 Merkel, Aurore Michel, M\u00f6dh, Christine Pereira, Martine Saliceti, Laura Soldini, La\u00ebtitia Vinot et les Zicos<\/span><\/p><\/blockquote>\n<\/td>\n<\/tr>\n<tr>\n<td>\n<p align=\"center\">\n<p align=\"center\"><span style=\"font-size: small;\">\u00a9 Le site des Zicos 2014 &#8211; Tous droits r\u00e9serv\u00e9s sur l&rsquo;interface et le contenu.<\/span><\/p>\n<\/td>\n<\/tr>\n<tr>\n<td><\/td>\n<\/tr>\n<\/tbody>\n<\/table>\n","protected":false},"excerpt":{"rendered":"<p>1) Louxor j&rsquo;adore Fr\u00e9d\u00e9ric Batty, Dorian Bedel, Tatiana B., Myriam Fi\u00e9v\u00e9 Danse : M\u00e9rav Doukhan, Estelle Fi\u00e9v\u00e9, Sandrine Griveau, Emilie Lacombe, Marie Rodrigues, La\u00ebtitia Vanhoollandt 2) Entrer dans la lumi\u00e8re Aurore Michel, La\u00ebtitia Vinot et les Zicos 3) Unchain my heart Guillaume Dessay, Guillaume Drivierre, M\u00f6dh Choeurs : Tatiana B., Madeleine Henri, Emilie Lacombe, No\u00e9mie [&hellip;]<\/p>\n","protected":false},"author":1,"featured_media":0,"parent":0,"menu_order":0,"comment_status":"closed","ping_status":"closed","template":"","meta":{"footnotes":""},"class_list":["post-830","page","type-page","status-publish","hentry"],"_links":{"self":[{"href":"https:\/\/www.zicosite.fr\/new_site\/wp-json\/wp\/v2\/pages\/830","targetHints":{"allow":["GET"]}}],"collection":[{"href":"https:\/\/www.zicosite.fr\/new_site\/wp-json\/wp\/v2\/pages"}],"about":[{"href":"https:\/\/www.zicosite.fr\/new_site\/wp-json\/wp\/v2\/types\/page"}],"author":[{"embeddable":true,"href":"https:\/\/www.zicosite.fr\/new_site\/wp-json\/wp\/v2\/users\/1"}],"replies":[{"embeddable":true,"href":"https:\/\/www.zicosite.fr\/new_site\/wp-json\/wp\/v2\/comments?post=830"}],"version-history":[{"count":1,"href":"https:\/\/www.zicosite.fr\/new_site\/wp-json\/wp\/v2\/pages\/830\/revisions"}],"predecessor-version":[{"id":831,"href":"https:\/\/www.zicosite.fr\/new_site\/wp-json\/wp\/v2\/pages\/830\/revisions\/831"}],"wp:attachment":[{"href":"https:\/\/www.zicosite.fr\/new_site\/wp-json\/wp\/v2\/media?parent=830"}],"curies":[{"name":"wp","href":"https:\/\/api.w.org\/{rel}","templated":true}]}}