{"id":832,"date":"2024-05-10T23:38:30","date_gmt":"2024-05-10T21:38:30","guid":{"rendered":"https:\/\/www.zicosite.fr\/new_site\/?page_id=832"},"modified":"2024-05-10T23:38:30","modified_gmt":"2024-05-10T21:38:30","slug":"la-play-list-de-le-temps-des-zicos","status":"publish","type":"page","link":"https:\/\/www.zicosite.fr\/new_site\/la-play-list-de-le-temps-des-zicos\/","title":{"rendered":"La Play List de \u00ab\u00a0Le temps des Zicos\u00a0\u00bb"},"content":{"rendered":"<table align=\"center\">\n<tbody>\n<tr>\n<td>\n<blockquote><p>1) <i>L&rsquo;envie<\/i> <i><span style=\"color: green;\"> Rony, Dorian Bedel, Mika Apamian, La\u00ebtitia Vanhoollandt, Aurore Michel et les Zicos<\/span><\/i><\/p>\n<p>2) Medley ANNEES TUBES<\/p><\/blockquote>\n<div style=\"margin-left: 72.0pt;\">\n<p>\u2022 Wake me up before you go-go <span style=\"color: #008000;\"> Tatiana B., Guillaume Dessay<\/span><\/p>\n<p>\u2022 On s&rsquo;attache <span style=\"color: #008000;\">Anita Tichit, Gr\u00e9gory Leroudier <\/span><\/p>\n<p>\u2022 Maldon <span style=\"color: #008000;\">Audrey P\u00e9tric, Emilie Lacombe, Sandrine Drawin<\/span><\/p>\n<p>\u2022 <span style=\"font-family: Times New Roman;\">Celui qui chante<\/span> <span style=\"color: #008000;\">Aline Barets, Cristof Gere<\/span><\/p>\n<p>\u2022 Whistle <span style=\"color: #008000;\">Catherine Delmau, Rony<\/span><\/p>\n<p>\u2022 Cette ann\u00e9e l\u00e0 <span style=\"color: #008000;\">Madeleine Henri, Myriam Fi\u00e9v\u00e9<\/span><\/p>\n<p>\u2022 Ces soir\u00e9es l\u00e0<span style=\"color: #008000;\"> Diana Vicente, Christine Pereira<\/span><\/p>\n<p>\u2022 Emmenez-moi <span style=\"color: #008000;\">St\u00e9phane Potier<\/span><\/p>\n<\/div>\n<blockquote><p>Danse :<span style=\"color: green;\"> Sandrine Griveau, Estelle Fi\u00e9v\u00e9, <\/span> <span style=\"color: #008000;\">M\u00e9rav Doukhan, Marie Rodrigues, Aurore Michel, Herv\u00e9 Merkel, Mika Apamian, Maxime Frey<\/span><\/p>\n<p>3) Gimme all your lovin&rsquo; <span style=\"color: #008000;\">Aline Barets, Emilie Lacombe, St\u00e9phane Potier, Rony<\/span><\/p>\n<p>4) Je l&rsquo;aime \u00e0 mourir <span style=\"color: #008000;\">M\u00f6dh, Dorian Bedel, Gregory Leroudier<\/span><\/p>\n<p>5)\u00a0 Vous les copains <span style=\"color: green;\">Martine Saliceti, Estelle Fi\u00e9v\u00e9, Marie Rodrigues, Tatiana Boulom, Catherine Delmau, Sandrine Drawin, Myriam Fi\u00e9v\u00e9, Anita Tichit, Cristof Gere, La\u00ebtitia Vanhoollandt<\/span><\/p>\n<p>5)\u00a0 Medley CLASSIQUE<\/p>\n<p><span style=\"color: #008000;\">Choeurs : Aline Barets, Christine Pereira, Guillaume Dessay, Mika Apamian, M\u00f6dh, Rony, Taiana B.<\/span><\/p><\/blockquote>\n<div style=\"margin-left: 72.0pt;\">\n<p>\u2022 Sur un pr\u00e9lude de Bach <span style=\"color: #008000;\">Audrey P\u00e9tric<\/span><\/p>\n<p>\u2022 La petite fugue <span style=\"color: #008000;\">Madeleine Henri, Diana Vicente, Dorian Bedel<\/span><\/p>\n<p>\u2022 Une petite cantate <span style=\"color: #008000;\">Sandrine Drawin<\/span><\/p>\n<p>\u2022 Requiem pour fou <span style=\"color: #008000;\">Catherine Delmau, Cristof Gere<\/span><\/p>\n<p>\u2022 L&rsquo;assasymphonie <span style=\"color: #008000;\">Aurore Michel, Gr\u00e9gory Leroudier, Fr\u00e9d\u00e9ric Batty<\/span><\/p>\n<\/div>\n<blockquote><p>7) Je serai l\u00e0 <span style=\"color: green;\"> Aline Barets, <\/span><span style=\"color: #008000;\">Anita Tichit, Audrey P\u00e9tric, La\u00ebtitia Vanhoollandt, Madeleine Henri, Marie Rodrigues, Martine Saliceti, M\u00e9rav Doukhan, M\u00f6dh,Sandrine Drawin, Sandrin Griveau <\/span><\/p>\n<p>8) Aux arbres citoyens <span style=\"color: #008000;\">Estelle Fi\u00e9v\u00e9, <\/span><span style=\"color: green;\">Dorian Bedel + les enfants <\/span><\/p>\n<p>9) Que reste-t-il de nos amours <span style=\"color: #008000;\"> Madeleine Henri, Mika Apamian<\/span><\/p>\n<p><span style=\"color: green;\">\u00a0<\/span>Danse :<span style=\"color: green;\"> Sandrine Griveau, <\/span> <span style=\"color: #008000;\">M\u00e9rav Doukhan, Tatiana Boulom, Guillaume Dessay, Gr\u00e9gory Leroudier, Herv\u00e9 Merkel + Elise &amp; Arnaud Depeigne<\/span><\/p>\n<p>10) Medley TECHNIQUES DE SEDUCTION<\/p>\n<p><span style=\"color: #008000;\">Martine Saliceti, Loman Scanff<\/span><\/p><\/blockquote>\n<div style=\"margin-left: 72.0pt;\">\n<p>\u2022 La lettre <span style=\"color: #008000;\">Marie Rodrigues, Herv\u00e9 Merkel<\/span><\/p>\n<p>\u2022 Partenaire particulier <span style=\"color: #008000;\">Myriam Fi\u00e9v\u00e9, Fr\u00e9d\u00e9ric Batty<\/span><\/p>\n<p>\u2022 I just called to say I love you <span style=\"color: #008000;\"> M\u00e9rav Doukhan, Guillaume Dessay<\/span><\/p>\n<p>\u2022 Goodbye Marylou <span style=\"color: #008000;\">Christine Pereira, Rony<\/span><\/p>\n<p>\u2022 Pomme C <span style=\"color: #008000;\">La\u00ebtitia Vanhoollandt, Maxime Frey<\/span><\/p>\n<p>\u2022 L&rsquo;horloge tourne <span style=\"color: #008000;\">Sandrine Griveau, Dorian Bedel<\/span><\/p>\n<p>\u2022 Someone like you <span style=\"color: #008000;\">Diana Vicente<\/span><\/p>\n<\/div>\n<blockquote><p>11) Alabina <span style=\"color: green;\">Diana Vicente, Guillaume Dessay, Gr\u00e9gory Leroudier, Mika Apamian, Yohan Garcia<br \/>\nChoeurs : Aurore Michel, Aline Barets, Madeleine Henri, Yohan Garcia, Cristof Gere, Gr\u00e9gory Leroudier<\/span><\/p>\n<p>Danse :<span style=\"color: green;\"> Sandrine Griveau, Catherine Delmau<\/span><span style=\"color: #008000;\">, Emilie Lacombe, M\u00e9rav Doukhan, Myriam Fi\u00e9v\u00e9, Sandrine Caz\u00e8s, Herv\u00e9 Merkel, Maxime Frey<\/span><\/p>\n<p>12) Les vacances au bord de la mer <span style=\"color: #008000;\">Anita Tichit, Aurore Michel, Herv\u00e9 Merkel, Yohan Garcia<\/span><\/p>\n<p>13) Medley CHAPEAUX<\/p><\/blockquote>\n<div style=\"margin-left: 72.0pt;\">\n<p>\u2022 Tata Yoyo <span style=\"color: green;\">Aurore Michel, Estelle Fi\u00e9v\u00e9, M\u00f6dh <\/span><\/p>\n<p>\u2022 Tandem <span style=\"color: green;\">Emilie Lacombe <\/span><\/p>\n<p>\u2022 You can leave your hat on <span style=\"color: #008000;\"> Mika Apamian, Rony\u00a0<\/span><\/p>\n<p>\u2022 On n&rsquo;est pas l\u00e0 pour se faire engueuler <span style=\"color: #008000;\">Herv\u00e9 Merkel, Maxime Frey<\/span><\/p>\n<p>\u2022 T&rsquo;as le look coco <span style=\"color: #008000;\">M\u00e9rav Doukhan, Sandrine Griveau, St\u00e9phane Potier, Jer\u00f4me Guedj<\/span><\/p>\n<p>\u2022 Je me suis fait tout petit <span style=\"color: #008000;\"> Yohan Garcia<\/span><\/p>\n<\/div>\n<blockquote><p>14) Le d\u00e9serteur <span style=\"color: #008000;\">Cristof Gere, Dorian Bedel, Guillaume Dessay<\/span><\/p>\n<p>15) Sans contrefa\u00e7on <span style=\"color: #008000;\">Audrey P\u00e9tric, Catherine Delmau, Tatiana Boulom<\/span><span style=\"color: green;\"><br \/>\nChoeurs : Dorian Bedel, Gr\u00e9gory Leroudier, Guillaume Dessay, Jer\u00f4me Guedj, Rony, Yohan Garcia<\/span><\/p>\n<p>Danse :<span style=\"color: green;\"> Sandrine Griveau, Aurore Michel, <\/span> <span style=\"color: #008000;\">Diana Vicente, Emilie Lacombe, Estelle Fi\u00e9v\u00e9, La\u00ebtitia Vanhoollandt, M\u00e9rav Doukhan, Myriam Fi\u00e9v\u00e9, Maxime Frey, Mika Apamian<\/span><\/p>\n<p>16) Medley TEMPS<\/p><\/blockquote>\n<div style=\"margin-left: 72.0pt;\">\n<p>\u2022 Le temps qui court <span style=\"color: #008000;\">La\u00ebtitia Vanhoollandt, Myriam Fi\u00e9v\u00e9, St\u00e9phane Potier<\/span><\/p>\n<p>\u2022 Pas le temps <span style=\"color: #008000;\">Aline Barets, M\u00e9rav Doukhan<\/span><\/p>\n<p>\u2022 Le temps des cath\u00e9drales <span style=\"color: #008000;\">Mika Apamian<\/span><\/p>\n<p>\u2022 Time of my life <span style=\"color: #008000;\">Audrey P\u00e9tric, Fr\u00e9d\u00e9ric Batty, Herv\u00e9 Merkel, Maxime Frey<br \/>\n<\/span>Danse : <span style=\"color: #008000;\">Elise &amp; Arnaud Depeigne \/ Estelle Fi\u00e9v\u00e9 et Herv\u00e9 Merkel<\/span><\/p>\n<p>\u2022 Temps \u00e0 nouveau <span style=\"color: #008000;\">M\u00f6dh, Sandrine Griveau, Yohan Garcia<\/span><\/p>\n<p>\u2022 Le temps de l&rsquo;amour <span style=\"color: #008000;\">Anita Tichit, Marie Rodrigues<\/span><\/p>\n<\/div>\n<blockquote><p>17) Seul <span style=\"color: green;\">Aurore Michel, Christine Pereira, Cristof Gere, Dorian Bedel, Estelle Fi\u00e9v\u00e9, Fr\u00e9d\u00e9ric Batty, <\/span> <span style=\"color: #008000;\">Guillaume Dessay, Herv\u00e9 Merkel, Madeleine Henri, Marie Rodrigues, Maxime Frey, M\u00e9rav Doukhan, Mika Apamian, M\u00f6dh, Rony, Sandrine Drawin et les Zicos<\/span><\/p>\n<p>18) Hey Jude <span style=\"color: green;\">Christine Pereira, Sandrine Griveau, Fr\u00e9deric Batty, Maxime Frey et les Zicos<\/span><\/p><\/blockquote>\n<\/td>\n<\/tr>\n<tr>\n<td>\n<p align=\"center\">\n<p align=\"center\"><span style=\"font-size: small;\">\u00a9 Le site des Zicos 2014 &#8211; Tous droits r\u00e9serv\u00e9s sur l&rsquo;interface et le contenu.<\/span><\/p>\n<\/td>\n<\/tr>\n<tr>\n<td><\/td>\n<\/tr>\n<\/tbody>\n<\/table>\n","protected":false},"excerpt":{"rendered":"<p>1) L&rsquo;envie Rony, Dorian Bedel, Mika Apamian, La\u00ebtitia Vanhoollandt, Aurore Michel et les Zicos 2) Medley ANNEES TUBES \u2022 Wake me up before you go-go Tatiana B., Guillaume Dessay \u2022 On s&rsquo;attache Anita Tichit, Gr\u00e9gory Leroudier \u2022 Maldon Audrey P\u00e9tric, Emilie Lacombe, Sandrine Drawin \u2022 Celui qui chante Aline Barets, Cristof Gere \u2022 Whistle Catherine [&hellip;]<\/p>\n","protected":false},"author":1,"featured_media":0,"parent":0,"menu_order":0,"comment_status":"closed","ping_status":"closed","template":"","meta":{"footnotes":""},"class_list":["post-832","page","type-page","status-publish","hentry"],"_links":{"self":[{"href":"https:\/\/www.zicosite.fr\/new_site\/wp-json\/wp\/v2\/pages\/832","targetHints":{"allow":["GET"]}}],"collection":[{"href":"https:\/\/www.zicosite.fr\/new_site\/wp-json\/wp\/v2\/pages"}],"about":[{"href":"https:\/\/www.zicosite.fr\/new_site\/wp-json\/wp\/v2\/types\/page"}],"author":[{"embeddable":true,"href":"https:\/\/www.zicosite.fr\/new_site\/wp-json\/wp\/v2\/users\/1"}],"replies":[{"embeddable":true,"href":"https:\/\/www.zicosite.fr\/new_site\/wp-json\/wp\/v2\/comments?post=832"}],"version-history":[{"count":1,"href":"https:\/\/www.zicosite.fr\/new_site\/wp-json\/wp\/v2\/pages\/832\/revisions"}],"predecessor-version":[{"id":833,"href":"https:\/\/www.zicosite.fr\/new_site\/wp-json\/wp\/v2\/pages\/832\/revisions\/833"}],"wp:attachment":[{"href":"https:\/\/www.zicosite.fr\/new_site\/wp-json\/wp\/v2\/media?parent=832"}],"curies":[{"name":"wp","href":"https:\/\/api.w.org\/{rel}","templated":true}]}}