{"id":834,"date":"2024-05-10T23:41:38","date_gmt":"2024-05-10T21:41:38","guid":{"rendered":"https:\/\/www.zicosite.fr\/new_site\/?page_id=834"},"modified":"2024-05-10T23:53:18","modified_gmt":"2024-05-10T21:53:18","slug":"la-play-list-de-les-zicos-demenagent","status":"publish","type":"page","link":"https:\/\/www.zicosite.fr\/new_site\/la-play-list-de-les-zicos-demenagent\/","title":{"rendered":"La Play List de \u00ab\u00a0Les Zicos d\u00e9m\u00e9nagent\u00a0\u00bb"},"content":{"rendered":"<table align=\"center\">\n<tbody>\n<tr>\n<td>\n<blockquote><p>1) <i>Plus pr\u00e8s des \u00e9toiles<\/i> <i><span style=\"color: green;\"> Rony, Dorian Bedel, Guillaume Dessay, Catherine Delmau, Jef May, Diana Vicente, Christine Pereira, Madeleine Henri, Fr\u00e9d\u00e9ric Batty, C\u00e9dric Pereira, Aline Barets, Audrey P\u00e9tric et les Zicos<\/span><\/i><\/p>\n<p>2) Alors on danse \/ Soir\u00e9e disco <span style=\"color: green;\">Anita Tichit, Yohan Garcia, Cristof Gere, Gr\u00e9gory Leroudier, Aurore Michel, Sabine Aubert, Mika Apamian, Aline Barets \/ La\u00ebtitia Vanhoollandt,\u00a0 Herv\u00e9 Mekel<br \/>\nDanse : Sandrine Griveau, Emilie Lacombe, Diana Vicente, Estelle Fi\u00e9v\u00e9, Catherine Delmau et les Zicos<\/span><\/p>\n<p>3) Medley REGIME<\/p><\/blockquote>\n<div style=\"margin-left: 72.0pt;\">\n<p>\u2022 J&rsquo;ai bien mang\u00e9, j&rsquo;ai bien bu <span style=\"color: #008000;\">Emilie Lacombe, Dorian Bedel<\/span><\/p>\n<p>\u2022 Les cornichons <span style=\"color: #008000;\">Guillaume Dessay, Estelle Fi\u00e9v\u00e9, Diana Vicente, M\u00e9rav Doukhan<\/span><\/p>\n<p>\u2022 Papa mambo <span style=\"color: #008000;\">Emilie Lacombe, Dorian Bedel<\/span><\/p>\n<p>\u2022 <span style=\"font-family: Times New Roman;\">La femme chocolat<\/span> <span style=\"color: #008000;\">M\u00e9rav Doukhan<\/span><\/p>\n<p>\u2022 R\u00e9siste <span style=\"color: #008000;\">Guillaume Dessay<\/span><\/p>\n<p>\u2022 Motiv\u00e9 <span style=\"color: #008000;\">Estelle Fi\u00e9v\u00e9, Diana Vicente<\/span><\/p>\n<\/div>\n<blockquote><p>4) Pour une amourette <span style=\"color: #008000;\">C\u00e9dric Pereira, Fr\u00e9d\u00e9ric Batty, Herv\u00e9 Merkel + Sandrine Griveau, La\u00ebtitia Vanhoollandt, Madeleine Henri, Sabine Aubert, Christine Pereira, Marie Rodrigues, Tatiana B., Anita Tichit, Catherine Delmau, Estelle Fi\u00e9v\u00e9, Aurore Michel, Audrey P\u00e9tric, M\u00e9rav Doukhan, Aline Barets, Diana Vicente<\/span><\/p>\n<p>5) Y a pas que les grands qui r\u00eavent <span style=\"color: #008000;\"> Tatiana B., Catherine Delmau, Aurore Michel, M\u00e9rav Doukhan<br \/>\n<\/span><span style=\"color: green;\">Danse : Sandrine Griveau, Emilie Lacombe, Diana Vicente, Estelle Fi\u00e9v\u00e9, Herv\u00e9 Merkel, La\u00ebtitia Vanhoolandt, Marie Rodrigues, Mika Apamian, Sandrine Caz\u00e8s + les danseuses de l&rsquo;AS Villebon, d&rsquo;Osmose de Villejust, de Verri\u00e8res le Buisson, de l&rsquo;\u00e9cole de danse de Saulx<\/span><\/p>\n<p>6)\u00a0 Medley ECOLE DES FANS<\/p>\n<p><span style=\"color: #008000;\">La pr\u00e9sentatrice : Martine Saliceti<\/span><\/p><\/blockquote>\n<div style=\"margin-left: 72.0pt;\">\n<p>\u2022 Maman <span style=\"color: #008000;\">Anita Tichit<\/span><\/p>\n<p>\u2022 Mon vieux <span style=\"color: #008000;\">Cristof gere<\/span><\/p>\n<p>\u2022 Mon papa \u00e0 moi est un gangster <span style=\"color: #008000;\">Aurore Michel<\/span><\/p>\n<p>\u2022 Salade de fruits <span style=\"color: #008000;\">M\u00e9rav Doukhan, Sabine Aubert<\/span><\/p>\n<p>\u2022 D\u00e9sol\u00e9 <span style=\"color: #008000;\">Fr\u00e9d\u00e9ric Batty<br \/>\n<\/span><span style=\"color: green;\">Danse : AS Villebon, Osmose de Villejust, danseuses de Verri\u00e8res le Buisson, Ecole de danse de Saulx<\/span><\/p>\n<p>\u2022 T&rsquo;en vas pas <span style=\"color: #008000;\">Christine Pereira<\/span><\/p>\n<p>\u2022 Malheur \u00e0 celui qui blesse un enfant <span style=\"color: #008000;\">Herv\u00e9 Merkel<\/span><\/p>\n<\/div>\n<blockquote><p>7) Si j&rsquo;\u00e9tais pr\u00e9sident de la R\u00e9publique <span style=\"color: green;\"> Aline Barets, Yohan Garcia + J<\/span><span style=\"color: #008000;\">ef May, St\u00e9phane Potier, Christine Pereira, Anita Tichit, Diana Vicente, Christophe Gere, Fr\u00e9d\u00e9ric Batty, Dorian Bedel, Rony, Catherine Delmau + Enfants<br \/>\nGuitares suppl\u00e9mentaires: C\u00e9dric Pereira, Gr\u00e9gory Leroudier, Tatiana B., Guillaume Dessay<\/span><\/p>\n<p>8) Le petit bonheur <span style=\"color: green;\">Madeleine Henri, Dorian Bedel, Cristof Gere, Marie Rodrigues<br \/>\nDanse : Sandrine Griveau <\/span><\/p>\n<p>9) Medley DEMENAGEMENT<\/p><\/blockquote>\n<div style=\"margin-left: 72.0pt;\">\n<p>\u2022 Dans mon H.L.M <span style=\"color: #008000;\">Estelle Fi\u00e9v\u00e9, Jef May<\/span><\/p>\n<p>\u2022 Si j&rsquo;avais un marteau <span style=\"color: #008000;\">Audrey P\u00e9tric, Sabine Aubert, Christine Pereira, Marie Rodrigues<\/span><\/p>\n<p>\u2022 Le bricoleur <span style=\"color: #008000;\">Madeleine Henri<\/span><\/p>\n<p>\u2022 L&rsquo;amour \u00e0 la machine <span style=\"color: #008000;\">Sandrine Griveau, Guillaume Dessay<\/span><\/p>\n<p>\u2022 Homme sweet homme <span style=\"color: #008000;\">Aurore Michel, Catherine Delmau<\/span><\/p>\n<p>\u2022 Les voisines <span style=\"color: #008000;\">Cristof Gere, St\u00e9phane Potier, C\u00e9dric Pereira<\/span><\/p>\n<p>\u2022 Bienvenue chez moi <span style=\"color: #008000;\">La\u00ebtitia Vanhoollandt, Diana Vicente<\/span><\/p>\n<\/div>\n<blockquote><p>10) T&rsquo;as beau pas \u00eatre beau <span style=\"color: green;\">Anita Tichit, Sandrine Griveau, Jef May<br \/>\nChoeurs : C\u00e9dric Pereira, Guillaume Dessay, Herv\u00e9 Merkel, Emilie Lacombe, Aurore Michel, Audrey P\u00e9tric, St\u00e9phane Potier, Madeleine Henri, Yohan Garcia, Cristof Gere, Gr\u00e9gory Leroudier<\/span><\/p>\n<p>11) Une chanson douce <span style=\"color: #008000;\">Mika Apamian, Estelle Fi\u00e9v\u00e9, Yohan Garcia, Christine Pereira, Gr\u00e9gory Leroudier, Emilie Lacombe<\/span><\/p>\n<p>\u2022 My song of you <span style=\"color: #008000;\">Guillaume Dessay, Catherine Delmau<\/span><\/p>\n<p>\u2022 Fais moi une place <span style=\"color: #008000;\">Dorian Bedel, Audrey P\u00e9tric<\/span><\/p>\n<p>\u2022 Fuir le bonheur de peur qu&rsquo;il ne se sauve <span style=\"color: #008000;\">Tatiana B., Rony<\/span><\/p>\n<p>12) Medley TRIBUNAL<\/p>\n<p><span style=\"color: #008000;\">Le juge : Martine Saliceti<\/span><\/p><\/blockquote>\n<div style=\"margin-left: 72.0pt;\">\n<p>\u2022 L&rsquo;orange <span style=\"color: green;\">Aline Barets + Marie Rodrigues, Dorian Bedel, Catherine Delmau, St\u00e9phane Potier, Sandrine Griveau, Yohan Garcia <\/span><\/p>\n<p>\u2022 Mon fils, ma bataille <span style=\"color: #008000;\">C\u00e9dric Pereira, Tatiana B. + <\/span> <span style=\"color: green;\">Sandrine Griveau, Yohan Garcia <\/span><\/p>\n<p>\u2022 Je suis un homme <span style=\"color: #008000;\">Gr\u00e9gory Leroudier + La\u00ebtitia Vanhoollandt, Madeleine Henri, Audrey P\u00e9tric, <\/span> <span style=\"color: green;\">Sandrine Griveau, Yohan Garcia <\/span> <span style=\"color: #008000;\">\u00a0<\/span><\/p>\n<p>\u2022 Gentleman cambrioleur <span style=\"color: #008000;\">Rony + <\/span> <span style=\"color: green;\"> Sandrine Griveau, Yohan Garcia <\/span><\/p>\n<p>\u2022 Vieille canaille <span style=\"color: #008000;\">F\u00e9d\u00e9ric Batty, Jef May<\/span><\/p>\n<p>\u2022 La v\u00e9rit\u00e9 <span style=\"color: #008000;\">Tous<\/span><\/p>\n<\/div>\n<blockquote><p>13) Chanson sur ma dr\u00f4le de vie <span style=\"color: #008000;\">La\u00ebtitia Vanhoollandt, St\u00e9phane Potier<\/span><\/p>\n<p>14) Je vais t&rsquo;aimer <span style=\"color: #008000;\">Fr\u00e9d\u00e9ric Batty, Dorian Bedel, Mika Apamian<br \/>\n+ Orchestre des conservatoires<\/span><\/p>\n<p>15) Beat it <span style=\"color: #008000;\">C\u00e9dric Pereira, Rony<br \/>\nChoeurs : Guillaume Dessay, Mika Apamian<br \/>\nPercussions : El\u00e8ves du coll\u00e8ge Maryse Basti\u00e9 de V\u00e9lizy<br \/>\nTroupes de karat\u00e9<br \/>\n<\/span><span style=\"color: green;\">Danse : Sandrine Griveau, Emilie Lacombe, Aurore Michel, M\u00e9rav Doukhan, Estelle Fi\u00e9v\u00e9, Catherine Delmau, Tatiana B., La\u00ebtitia Vanhoollandt, Diana Vicente, Marie Rodrigues, Sandrine Caz\u00e8s + les danseuses de l&rsquo;AS Villebon, d&rsquo;Osmose de Villejust, de Verri\u00e8res le Buisson, de l&rsquo;\u00e9cole de danse de Saulx<\/span><\/p>\n<p>16) Medley STYLES MUSICAUX<\/p>\n<p><span style=\"color: #008000;\">Choeurs : Guillaume Dessay, Dorian Bedel, Aurore Michel, C\u00e9dric Pereira<\/span><\/p><\/blockquote>\n<div style=\"margin-left: 72.0pt;\">\n<p>\u2022 Saga Africa <span style=\"color: #008000;\">Rony, Anita Tichit<\/span><\/p>\n<p>\u2022 La bo\u00eete de jazz <span style=\"color: #008000;\">Mika Apamian<\/span><\/p>\n<p>\u2022 Le jerk <span style=\"color: #008000;\">La\u00ebtitia Vanhoollandt, Marie Rodrigues<\/span><\/p>\n<p>\u2022 Soulman <span style=\"color: #008000;\">Herv\u00e9 Merkel, St\u00e9phane Potier, Gr\u00e9gory Leroudier<\/span><\/p>\n<p>\u2022 Reggae night <span style=\"color: #008000;\">Emilie Lacombe, Tatiana B.<\/span><\/p>\n<p>\u2022 Le bon temps du rock&rsquo;n&rsquo;roll <span style=\"color: #008000;\"> Aline Barets, Madeleine Henri<\/span><\/p>\n<\/div>\n<blockquote><p>17) Against all odds <span style=\"color: #008000;\">Audrey P\u00e9tric, <\/span><span style=\"color: green;\">Aurore Michel, <\/span> <span style=\"color: #008000;\">Guillaume Dessay, Diana Vicente<\/span><\/p>\n<p>18) Et maintenant <span style=\"color: green;\">St\u00e9phane Potier, Herv\u00e9 Merkel, Christine Pereira, Emilie Lacombe, M\u00e9rav Doukhan, Estelle Fi\u00e9v\u00e9, Yohan Garcia, Sandrine Griveau, Anita Tichit, Guillaume Dessay, Diana Vicente, Fr\u00e9deric Batty, Martine Saliceti, Sabine Aubert, Cristof Gere, Dorian Bedel, La\u00ebtitia Vanhoollandt et les Zicos<\/span><\/p><\/blockquote>\n<\/td>\n<\/tr>\n<tr>\n<td><\/td>\n<\/tr>\n<tr>\n<td><\/td>\n<\/tr>\n<\/tbody>\n<\/table>\n","protected":false},"excerpt":{"rendered":"<p>1) Plus pr\u00e8s des \u00e9toiles Rony, Dorian Bedel, Guillaume Dessay, Catherine Delmau, Jef May, Diana Vicente, Christine Pereira, Madeleine Henri, Fr\u00e9d\u00e9ric Batty, C\u00e9dric Pereira, Aline Barets, Audrey P\u00e9tric et les Zicos 2) Alors on danse \/ Soir\u00e9e disco Anita Tichit, Yohan Garcia, Cristof Gere, Gr\u00e9gory Leroudier, Aurore Michel, Sabine Aubert, Mika Apamian, Aline Barets \/ [&hellip;]<\/p>\n","protected":false},"author":1,"featured_media":0,"parent":0,"menu_order":0,"comment_status":"closed","ping_status":"closed","template":"","meta":{"footnotes":""},"class_list":["post-834","page","type-page","status-publish","hentry"],"_links":{"self":[{"href":"https:\/\/www.zicosite.fr\/new_site\/wp-json\/wp\/v2\/pages\/834","targetHints":{"allow":["GET"]}}],"collection":[{"href":"https:\/\/www.zicosite.fr\/new_site\/wp-json\/wp\/v2\/pages"}],"about":[{"href":"https:\/\/www.zicosite.fr\/new_site\/wp-json\/wp\/v2\/types\/page"}],"author":[{"embeddable":true,"href":"https:\/\/www.zicosite.fr\/new_site\/wp-json\/wp\/v2\/users\/1"}],"replies":[{"embeddable":true,"href":"https:\/\/www.zicosite.fr\/new_site\/wp-json\/wp\/v2\/comments?post=834"}],"version-history":[{"count":2,"href":"https:\/\/www.zicosite.fr\/new_site\/wp-json\/wp\/v2\/pages\/834\/revisions"}],"predecessor-version":[{"id":848,"href":"https:\/\/www.zicosite.fr\/new_site\/wp-json\/wp\/v2\/pages\/834\/revisions\/848"}],"wp:attachment":[{"href":"https:\/\/www.zicosite.fr\/new_site\/wp-json\/wp\/v2\/media?parent=834"}],"curies":[{"name":"wp","href":"https:\/\/api.w.org\/{rel}","templated":true}]}}