{"id":836,"date":"2024-05-10T23:46:34","date_gmt":"2024-05-10T21:46:34","guid":{"rendered":"https:\/\/www.zicosite.fr\/new_site\/?page_id=836"},"modified":"2024-05-10T23:46:35","modified_gmt":"2024-05-10T21:46:35","slug":"la-play-list-de-le-cercle-des-zicos","status":"publish","type":"page","link":"https:\/\/www.zicosite.fr\/new_site\/la-play-list-de-le-cercle-des-zicos\/","title":{"rendered":"La Play List de \u00ab\u00a0Le cercle des Zicos\u00a0\u00bb"},"content":{"rendered":"<table align=\"center\">\n<tbody>\n<tr>\n<td>\n<blockquote><p>1) Casser la voix <i><span style=\"color: green;\">Estelle Fi\u00e9v\u00e9, Rony, Sandrine Griveau, Marie Rodrigues, Dorian Bedel, Gr\u00e9gory Leroudier, Guillaume Dessay, Audrey P\u00e9tric et les Zicos<\/span><\/i><\/p>\n<p>2) D\u00e9branche <span style=\"color: green;\">Dorian Bedel, M\u00e9rav Doukhan, Emilie Lacombe, Jef May, Anita Tichit, Yohan Garcia, La\u00ebtitia Vanhoollandt, Cristof Gere et les Zicos<\/span><\/p>\n<p>2 bis) Last night (Madison) <span style=\"color: #008000;\">L<\/span><span style=\"color: green;\">es Zicos<\/span><\/p>\n<p>3) Elle est terrible<span style=\"color: green;\"> Jef May, <\/span> <span style=\"color: #008000;\">Yohan Garcia, Gregory Leroudier<br \/>\nAccompagn\u00e9s de la troupe de rock acrobatique de l&rsquo;association \u00ab\u00a0Sun dance\u00a0\u00bb des Ulis<br \/>\nGuitare : Dorian Bedel<\/span><\/p>\n<p>4) New soul <span style=\"color: green;\">No\u00e9mie Luxain, Herv\u00e9 Merkel, Catherine Delmau, C\u00e9dric Pereira<\/span><\/p>\n<p>5) Medley PRENOMS<\/p><\/blockquote>\n<div style=\"margin-left: 72.0pt;\">\n<p>\u2022 Un enfant de toi <span style=\"color: #008000;\">Herv\u00e9 Merkel<\/span><\/p>\n<p>\u2022 Emilie jolie <span style=\"color: #008000;\">Aurore Michel<\/span><\/p>\n<p>\u2022 Elle danse, Marie, elle danse <span style=\"color: #008000;\">Emilie Lacombe<\/span><\/p>\n<p>\u2022 Elaeudanla Te\u00eft\u00e9\u00efa <span style=\"color: #008000;\">Marie Rodrigues<\/span><\/p>\n<p>\u2022 Madeleine <span style=\"color: #008000;\">La\u00ebtitia Vanhoollandt<\/span><\/p>\n<p>\u2022 Aline <span style=\"color: #008000;\">Madeleine Henri<\/span><\/p>\n<p>\u2022 J&rsquo;ai des doutes <span style=\"color: #008000;\">Sandrine Griveau<\/span><\/p>\n<\/div>\n<blockquote><p>6) Le petit gar\u00e7on <span style=\"color: #008000;\">No\u00e9mie Luxain, Cristof Gere<\/span><\/p>\n<p>7) Medley BISOUS<\/p><\/blockquote>\n<div style=\"margin-left: 72.0pt;\">\n<p>\u2022 Embrassez qui vous voudrez <span style=\"color: #008000;\"> Tous<\/span><\/p>\n<p>\u2022 Le baiser <span style=\"color: #008000;\">Marie Rodrigues, Yohan Garcia<\/span><\/p>\n<p>\u2022 Kiss <span style=\"color: #008000;\">Emilie Lacombe, Guillaume Dessay<\/span><\/p>\n<p>\u2022 Big bisou <span style=\"color: #008000;\">Christine Pereira, Gr\u00e9gory Leroudier<\/span><\/p>\n<p>\u2022 Simarik <span style=\"color: green;\">Aline Barets, <\/span> <span style=\"color: #008000;\">Fr\u00e9d\u00e9ric Batty<\/span><\/p>\n<p>\u2022 Embrasse-moi idiot <span style=\"color: #008000;\">M\u00e9rav Doukhan, Maxime Frey<\/span><\/p>\n<p>\u2022 Le facteur n&rsquo;est pas pass\u00e9 <span style=\"color: #008000;\"> Tous<\/span><\/p>\n<p>\u2022 I kissed a girl <span style=\"color: #008000;\">Aurore Michel, C\u00e9dric Pereira<\/span><\/p>\n<\/div>\n<blockquote><p>8) Brave Margot <span style=\"color: green;\">Sandrine Griveau, <\/span> <span style=\"color: #008000;\">Audrey P\u00e9tric, Estelle Fi\u00e9v\u00e9, Maxime Frey<\/span><\/p>\n<p>9) L&rsquo;oiseau et l&rsquo;enfant <span style=\"color: green;\">Madeleine Henri, Tatiana B., Fr\u00e9d\u00e9ric Batty <\/span><\/p>\n<p>10) Medley PSY<\/p>\n<p><span style=\"color: #008000;\">Le psy : Martine Saliceti<\/span><\/p><\/blockquote>\n<div style=\"margin-left: 72.0pt;\">\n<p>\u2022 La liste <span style=\"color: #008000;\">Myriam Fi\u00e9v\u00e9<\/span><\/p>\n<p>\u2022 Je n&rsquo;suis pas bien portant <span style=\"color: #008000;\"> Jef May<\/span><\/p>\n<p>\u2022 D\u00e9shabillez-moi <span style=\"color: #008000;\">Aline Barets<\/span><\/p>\n<p>\u2022 L&rsquo;homme press\u00e9 <span style=\"color: #008000;\">Dorian Bedel<\/span><\/p>\n<p>\u2022 Les b\u00eatises <span style=\"color: #008000;\">M\u00e9rav Doukhan<\/span><\/p>\n<p>\u2022 J&rsquo;ai la m\u00e9moire qui flanche <span style=\"color: green;\"> Catherine Delmau et tous<\/span><\/p>\n<\/div>\n<blockquote><p>11) Et l&rsquo;on n&rsquo;y peut rien <span style=\"color: green;\">La\u00ebtitia Vanhoollandt, C\u00e9dric Pereira, Guillaume Dessay<br \/>\nFl\u00fbtes : Audrey P\u00e9tric, Dorian Bedel, Herv\u00e9 Merkel<br \/>\nDanse : Sandrine Griveau, M\u00e9rav Doukhan, Tatiana B., Estelle Fi\u00e9v\u00e9, Myriam Fi\u00e9v\u00e9, Emilie Lacombe, No\u00e9mie Luxain, Aurore Michel<\/span><\/p>\n<p>12) Eternal Flame <span style=\"color: green;\">Audrey P\u00e9tric, Rony<br \/>\nChoeurs : Aurore Michel, <\/span><span style=\"color: #008000;\">Marie Rodrigues, No\u00e9mie Luxain, Christine Pereira, Aline Barets, Catherine Delmau, Dorian Bedel, Yohan Garcia, Gr\u00e9gory Leroudier, Cristof Gere<\/span><\/p>\n<p>13) Medley BULLES<\/p><\/blockquote>\n<div style=\"margin-left: 72.0pt;\">\n<p>\u2022 Mirza <span style=\"color: green;\">Maxime Frey, C\u00e9dric Pereira, Guillaume Dessay, Herv\u00e9 Merkel, Madeleine Henri, Fr\u00e9d\u00e9ric Batty <\/span><\/p>\n<p>\u2022 Les Dalton <span style=\"color: #008000;\">Gr\u00e9gory Leroudier<\/span><\/p>\n<p>\u2022 B\u00e9cassine <span style=\"color: #008000;\">Anita Tichit<\/span><\/p>\n<p>\u2022 Le zizi <span style=\"color: #008000;\">Rony<\/span><\/p>\n<p>\u2022 Faut rigoler <span style=\"color: #008000;\">Yohan Garcia, Cristof Gere<\/span><\/p>\n<\/div>\n<blockquote><p>14) Message personnel <span style=\"color: #008000;\">M\u00e9rav Doukhan, Emilie Lacombe, Madeleine Henri, Marie Rodrigues<br \/>\nAccompagn\u00e9es de danseuses GRS de l&rsquo;Association Sportive de Villebon<\/span><\/p>\n<p>15) Medley MONOPOLY<\/p><\/blockquote>\n<div style=\"margin-left: 72.0pt;\">\n<p>\u2022 Nashville ou Belleville <span style=\"color: #008000;\"> La\u00ebtitia Vanhoollandt, Gr\u00e9gory Leroudier<\/span><\/p>\n<p>\u2022 Auteuil, Neuilly, Passy <span style=\"color: #008000;\">Herv\u00e9 Merkel, Guillaume Dessay, Yohan Garcia<\/span><\/p>\n<p>\u2022 Les petites femmes de Pigalle <span style=\"color: green;\">Maxime Frey<\/span><\/p>\n<p>\u2022 Le parking des anges <span style=\"color: #008000;\">Estelle<\/span><span style=\"color: green;\"> Fi\u00e9v\u00e9, Cristof Gere<\/span><\/p>\n<p>\u2022 L&rsquo;incendie \u00e0 Rio <span style=\"color: green;\">No\u00e9mie Luxain, Jef May, Dorian Bedel<\/span><\/p>\n<p>\u2022 Le gal\u00e9rien <span style=\"color: #008000;\">Fr\u00e9d\u00e9ric Batty<\/span><\/p>\n<p>\u2022 Aux Champs Elys\u00e9es <span style=\"color: #008000;\">Myriam Fi\u00e9v\u00e9, Rony<\/span><\/p>\n<p>\u2022 Rue de la Paix <span style=\"color: green;\">Tatiana B.<\/span><\/p>\n<p>\u2022 Une autre histoire <span style=\"color: green;\">T<\/span><span style=\"color: #008000;\">ous<\/span><\/p>\n<\/div>\n<blockquote><p>16) D\u00e9senchant\u00e9e <span style=\"color: green;\">Dorian Bedel, Aurore Michel<br \/>\nDanse : Sandrine Griveau, No\u00e9mie Luxain, Emilie Lacombe, Merav Doukhan, Estelle Fi\u00e9v\u00e9, Myriam Fi\u00e9v\u00e9, Catherine Delmau, Tatiana B., Herv\u00e9 Merkel, Marie Rodrigues, Gr\u00e9gory Leroudier, La\u00ebtitia Vanhoollandt, maxime Frey, Audrey P\u00e9tric, Aline Barets, Madeleine Henri, Christine Pereira, <\/span><span style=\"color: #008000;\">danseuses GRS de l&rsquo;Association Sportive de Villebon, troupe de rock acrobatique de l&rsquo;association \u00ab\u00a0Sun dance\u00a0\u00bb des Ulis<\/span><\/p>\n<p>17) Mon amant de Saint-Jean <span style=\"color: green;\">Christine Pereira, <\/span> <span style=\"color: green;\">Anita Tichit, Aline Barets<\/span><\/p>\n<p>18) Medley NOCES<\/p><\/blockquote>\n<div style=\"margin-left: 72.0pt;\">\n<p>\u2022 Alexandrie Alexandra <span style=\"color: #008000;\">Yohan Garcia<\/span><\/p>\n<p>\u2022 Love don&rsquo;t let me go <span style=\"color: #008000;\"> Tatiana B., Christine Pereira<\/span><\/p>\n<p>\u2022 Fruit de la passion <span style=\"color: #008000;\">Cristof Gere, Anita Tichit, Audrey P\u00e9tric, Myriam Fi\u00e9v\u00e9<\/span><\/p>\n<p>\u2022 Womanizer <span style=\"color: green;\">No\u00e9mie Luxain, <\/span> <span style=\"color: #008000;\">Estelle Fi\u00e9v\u00e9<\/span><\/p>\n<p>\u2022 L&rsquo;aventurier <span style=\"color: #008000;\">Dorian Bedel, C\u00e9dric Pereira<\/span><\/p>\n<p>\u2022 Macarena <span style=\"color: #008000;\">Guillaume Dessay<\/span><\/p>\n<p>\u2022 Les sunlights des tropiques <span style=\"color: #008000;\"> Rony, Maxime Frey, Sandrine Griveau<\/span><\/p>\n<\/div>\n<blockquote><p>19) Un homme extraordinaire <span style=\"color: #008000;\">Audrey P\u00e9tric, <\/span><span style=\"color: green;\">Christine Pereira, Cristof Gere, <\/span> <span style=\"color: green;\">Catherine Delmau , Dorian Bedel, Aline Barets, Anita Tichit, Aurore Michel, Herv\u00e9 Merkel, Fr\u00e9d\u00e9ric Batty, Jef May, Sandrine Griveau, Merav Doukhan, No\u00e9mie Luxain et les Zicos<\/span><\/p>\n<p>20) The winner takes it all <span style=\"color: green;\">C\u00e9dric Pereira, Christine Pereira, No\u00e9mie Luxain, Madeleine Henri, Catherine Delmau, Fr\u00e9deric Batty, Herv\u00e9 Merkel, Tatiana B., Aurore Michel, Aline Barets et les Zicos<\/span><\/p><\/blockquote>\n<\/td>\n<\/tr>\n<tr>\n<td><\/td>\n<\/tr>\n<tr>\n<td><\/td>\n<\/tr>\n<\/tbody>\n<\/table>\n","protected":false},"excerpt":{"rendered":"<p>1) Casser la voix Estelle Fi\u00e9v\u00e9, Rony, Sandrine Griveau, Marie Rodrigues, Dorian Bedel, Gr\u00e9gory Leroudier, Guillaume Dessay, Audrey P\u00e9tric et les Zicos 2) D\u00e9branche Dorian Bedel, M\u00e9rav Doukhan, Emilie Lacombe, Jef May, Anita Tichit, Yohan Garcia, La\u00ebtitia Vanhoollandt, Cristof Gere et les Zicos 2 bis) Last night (Madison) Les Zicos 3) Elle est terrible Jef [&hellip;]<\/p>\n","protected":false},"author":1,"featured_media":0,"parent":0,"menu_order":0,"comment_status":"closed","ping_status":"closed","template":"","meta":{"footnotes":""},"class_list":["post-836","page","type-page","status-publish","hentry"],"_links":{"self":[{"href":"https:\/\/www.zicosite.fr\/new_site\/wp-json\/wp\/v2\/pages\/836","targetHints":{"allow":["GET"]}}],"collection":[{"href":"https:\/\/www.zicosite.fr\/new_site\/wp-json\/wp\/v2\/pages"}],"about":[{"href":"https:\/\/www.zicosite.fr\/new_site\/wp-json\/wp\/v2\/types\/page"}],"author":[{"embeddable":true,"href":"https:\/\/www.zicosite.fr\/new_site\/wp-json\/wp\/v2\/users\/1"}],"replies":[{"embeddable":true,"href":"https:\/\/www.zicosite.fr\/new_site\/wp-json\/wp\/v2\/comments?post=836"}],"version-history":[{"count":1,"href":"https:\/\/www.zicosite.fr\/new_site\/wp-json\/wp\/v2\/pages\/836\/revisions"}],"predecessor-version":[{"id":837,"href":"https:\/\/www.zicosite.fr\/new_site\/wp-json\/wp\/v2\/pages\/836\/revisions\/837"}],"wp:attachment":[{"href":"https:\/\/www.zicosite.fr\/new_site\/wp-json\/wp\/v2\/media?parent=836"}],"curies":[{"name":"wp","href":"https:\/\/api.w.org\/{rel}","templated":true}]}}