{"id":838,"date":"2024-05-10T23:48:01","date_gmt":"2024-05-10T21:48:01","guid":{"rendered":"https:\/\/www.zicosite.fr\/new_site\/?page_id=838"},"modified":"2024-05-10T23:48:01","modified_gmt":"2024-05-10T21:48:01","slug":"la-play-list-de-le-match-des-zicos","status":"publish","type":"page","link":"https:\/\/www.zicosite.fr\/new_site\/la-play-list-de-le-match-des-zicos\/","title":{"rendered":"La Play List de \u00ab\u00a0Le match des Zicos\u00a0\u00bb"},"content":{"rendered":"<table align=\"center\">\n<tbody>\n<tr>\n<td>\n<blockquote><p>1) \u00catre \u00e0 la hauteur <i><span style=\"color: green;\">Jef May, Guillaume Dessay, Sandrine Griveau, Estelle Fi\u00e9v\u00e9, Emilie Lacombe, Dorian Bedel, Maxime Frey, Marion Christmann, Herv\u00e9 Merkel, No\u00e9mie Luxain, Tatiana B., Audrey P\u00e9tric<\/span><\/i><\/p>\n<p>2) Quand je joue <i><span style=\"color: green;\">Dorian Bedel, Myriam Fi\u00e9v\u00e9, M\u00e9rav Doukhan, Tatiana B., Aurore Michel, Aline Barets et les Zicos<\/span><\/i><\/p>\n<p>3) Hasta luego <i><span style=\"color: green;\">Maxime Frey, No\u00e9mie Luxain, Jef May, Aline Barets, Anita Tichit, Cristof Gere, Marion Christmann, Aurore Michel, Dorian Bedel, Christine Pereira, M\u00e9rav Doukhan, Myriam Fi\u00e9v\u00e9, Catherine Delmau, C\u00e9dric Pereira<\/span><\/i><\/p>\n<p>4) Je m&rsquo;en vais <i><span style=\"color: green;\">Guillaume Dessay, Rony Fontaine, Fr\u00e9d\u00e9ric Batty, Herv\u00e9 Merkel, C\u00e9dric Pereira, Jef May, Dorian Bedel, Maxime Frey, Sandrine Griveau, M\u00e9rav Doukhan, Sandrine Drawin, Myriam Fi\u00e9v\u00e9, Aurore Michel, Estelle Fi\u00e9v\u00e9, Tatiana B., Emilie Lacombe<\/span><\/i><\/p>\n<p>5) Medley AMEN<\/p><\/blockquote>\n<div style=\"margin-left: 72.0pt;\">\n<p>\u2022 Tous des anges <span style=\"color: green;\"><i>Jef May et la paroisse, Audrey P\u00e9tric, Emilie Lacombe<\/i><\/span><\/p>\n<p>\u2022 Dominique <i><span style=\"color: green;\">Myriam Fi\u00e9v\u00e9, Sandrine Griveau, Estelle Fi\u00e9v\u00e9<\/span><\/i><\/p>\n<p>\u2022 Fais-moi un signe <span style=\"color: green;\"><i>Fr\u00e9d\u00e9ric Batty<\/i><\/span><\/p>\n<p>\u2022 J\u00e9sus reviens <span style=\"color: green;\"><i>Guillaume Dessay, Gr\u00e9gory Leroudier, Herv\u00e9 Merkel<\/i><\/span><\/p>\n<p>\u2022 La bonne du cur\u00e9 <i><span style=\"color: green;\">Sandrine Drawin<\/span><\/i><\/p>\n<p>\u2022 Pas de Boogie Woogie <i><span style=\"color: green;\">Jef May<\/span><\/i><\/p>\n<p>\u2022 Et si en plus y&rsquo;a personne <i><span style=\"color: green;\">Aurore Michel<\/span><\/i><\/p>\n<\/div>\n<blockquote><p>6) Il venait d&rsquo;avoir 18 ans <i><span style=\"color: green;\">Aline Barets, Anita Tichit, Madeleine Henri<\/span><\/i><\/p>\n<p>7) Medley MONDE<\/p><\/blockquote>\n<div style=\"margin-left: 72.0pt;\">\n<p>\u2022 Le monde tourne mal <i><span style=\"color: green;\">Christine Pereira, Sandrine Griveau<\/span><\/i><\/p>\n<p>\u2022 Elle attend <i><span style=\"color: green;\">Dorian Bedel, Everilde Polgari<\/span><\/i><\/p>\n<p>\u2022 Le monde est fou <i><span style=\"color: green;\">Sandrine Drawin, No\u00e9mie Luxain<\/span><\/i><\/p>\n<p>\u2022 Un monde parfait <i><span style=\"color: green;\">Cristof Gere, M\u00e9rav Doukhan<\/span><\/i><\/p>\n<p>\u2022 La cabane du p\u00eacheur <i><span style=\"color: green;\">C\u00e9dric Pereira Estelle Fi\u00e9v\u00e9<\/span><\/i><\/p>\n<\/div>\n<blockquote><p>8) Mathilde <i><span style=\"color: green;\">Jef May, Dorian Bedel, C\u00e9dric Pereira<\/span><\/i><\/p>\n<p>9) Tous les enfants chantent avec moi <i><span style=\"color: green;\">Marion Christmann, Sandrine Griveau, Jef May, Madeleine Henri et la chorale des enfants + Aline Barets et Dorian Bedel au saxophone et M\u00e9rav Doukhan, No\u00e9mie Luxain, Joseph Rebelo en candidates de casting <\/span><\/i><\/p>\n<p>10) Medley COUPLE<\/p><\/blockquote>\n<div style=\"margin-left: 72.0pt;\">\n<p>\u2022 Id\u00e9es noires <i><span style=\"color: green;\">C\u00e9dric Pereira, Audrey P\u00e9tric<\/span><\/i><\/p>\n<p>\u2022 J&rsquo;aime les filles <i><span style=\"color: green;\">Rony Fontaine<\/span><\/i><\/p>\n<p>\u2022 Laisse tomber les filles <i><span style=\"color: green;\">Catherine Delmau<\/span><\/i><\/p>\n<p>\u2022 Qu&rsquo;est-ce que t&rsquo;es belle <i><span style=\"color: green;\">Emilie Lacombe, Gr\u00e9gory Leroudier<\/span><\/i><\/p>\n<p>\u2022 Sara perche ti amo <i><span style=\"color: green;\">Marion Christmann<\/span><\/i><\/p>\n<p>\u2022 Je ne t&rsquo;aime plus mon amour <i><span style=\"color: green;\">Herv\u00e9 Merkel<\/span><\/i><\/p>\n<p>\u2022 Les meilleurs ennemis <i><span style=\"color: green;\">Christine Pereira, Maxime Frey<\/span><\/i><\/p>\n<p>\u2022 Je suis venu te dire que je m&rsquo;en vais <i><span style=\"color: green;\">Myriam Fi\u00e9v\u00e9<\/span><\/i><\/p>\n<p>\u2022 Tu peux pr\u00e9parer le caf\u00e9 noir <i><span style=\"color: green;\">Cristof Gere<\/span><\/i><\/p>\n<p>\u2022 Pas d&rsquo;ami comme toi <i><span style=\"color: green;\">Joseph Rebelo, Tatiana B.<\/span><\/i><\/p>\n<\/div>\n<blockquote><p>11) Lettre \u00e0 France <i><span style=\"color: green;\">Audrey P\u00e9tric, Catherine Delmau, Guillaume Dessay, Maxime Frey + Sandrine Drawin et Cristof Gere au piano et M\u00e9rav Doukhan, Christine Pereira, Myriam Fi\u00e9v\u00e9, No\u00e9mie Luxain, Aline Barets, Everilde Polgari, Anita Tichit, Gr\u00e9gory Leroudier, Dorian Bedel, Herv\u00e9 Merkel, Jef May, Fr\u00e9d\u00e9ric Batty, C\u00e9dric Pereira aux choeurs<\/span><\/i><\/p>\n<p>12) Que je t&rsquo;aime <i><span style=\"color: green;\">Rony Fontaine, Aurore Michel, Joseph Rebelo<\/span><\/i><\/p>\n<p>13) Medley TV<\/p><\/blockquote>\n<div style=\"margin-left: 72.0pt;\">\n<p>\u2022 Capitaine Flam <i><span style=\"color: green;\">Guillaume Dessay<\/span><\/i><\/p>\n<p>\u2022 Happy Days <i><span style=\"color: green;\">Jef May, Fr\u00e9d\u00e9ric Batty, Rony Fontaine<\/span><\/i><\/p>\n<p>\u2022 Les myst\u00e9rieuses cit\u00e9s d&rsquo;or <i><span style=\"color: green;\">Dorian Bedel et la chorale des enfants<\/span><\/i><\/p>\n<p>\u2022 L&rsquo;homme qui tombe \u00e0 pic <i><span style=\"color: green;\">Joseph Rebelo<\/span><\/i><\/p>\n<p>\u2022 L&rsquo;\u00eele aux enfants <i><span style=\"color: green;\">Sandrine Drawin et la chorale des enfants<\/span><\/i><\/p>\n<\/div>\n<blockquote><p>14) Without you <i><span style=\"color: green;\">No\u00e9mie Luxain, Aurore Michel + Christine Pereira, Catherine Delmau, Audrey P\u00e9troic, Aline Barets, Maxime Frey, Herv\u00e9 Merkel, Guillaume Dessay, C\u00e9dric Pereira aux choeurs<\/span><\/i><\/p>\n<p>15) Medley SEMAINE<\/p><\/blockquote>\n<div style=\"margin-left: 72.0pt;\">\n<p>\u2022 La java de Broadway <i><span style=\"color: green;\">Madeleine Henri, Christine Pereira, Joseph Rebelo<\/span><\/i><\/p>\n<p>\u2022 Les roses blanches <i><span style=\"color: green;\">Everilde Polgari<\/span><\/i><\/p>\n<p>\u2022 Le lundi au soleil <i><span style=\"color: green;\">Aline Barets, Maxime Frey<\/span><\/i><\/p>\n<p>\u2022 La grande Zoa <i><span style=\"color: green;\">Anita Tichit, Myriam Fi\u00e9v\u00e9, Marion Christmann<\/span><\/i><\/p>\n<p>\u2022 J&rsquo;ai dix ans <i><span style=\"color: green;\">M\u00e9rav Doukhan, Emilie Lacombe<\/span><\/i><\/p>\n<p>\u2022 Il \u00e9tait une fois nous deux <i><span style=\"color: green;\">Estelle Fi\u00e9v\u00e9, Herv\u00e9 Merkel<\/span><\/i><\/p>\n<p>\u2022 Gaby <i><span style=\"color: green;\">No\u00e9mie Luxain<\/span><\/i><\/p>\n<p>\u2022 Week end <i><span style=\"color: green;\">Tatiana B., Aurore Michel<\/span><\/i><\/p>\n<\/div>\n<blockquote><p>16) Je ne suis pas un h\u00e9ros <i><span style=\"color: green;\">Dorian Bedel, Gr\u00e9gory Leroudier<\/span><\/i><\/p>\n<p>17) Si j&rsquo;\u00e9tais un homme\/Femmes je vous aime <i><span style=\"color: green;\">Christine Pereira, Everilde Polgari, Tatiana B., M\u00e9rav Doukhan, Marion Christmann, Anita Tichit, Sandrine Drawin, Aline Barets, Audrey P\u00e9tric, Madeleine Henri, No\u00e9mie Luxain \/ Herv\u00e9 Merkel, Gr\u00e9gory Leroudier, C\u00e9dric Pereira, Cristof Gere, Rony Fontaine, Maxime Frey, Guillaume Dessay, Fr\u00e9d\u00e9ric Batty, Joseph Rebelo, Dorian Bedel, Jef May<\/span><\/i><\/p>\n<p>18) Medley MATCH<\/p><\/blockquote>\n<div style=\"margin-left: 72.0pt;\">\n<p>\u2022 Il va y avoir du sport <i><span style=\"color: green;\">Sandrine Griveau, Gregory Leroudier<\/span><\/i><\/p>\n<p>\u2022 Et c&rsquo;est parti <i><span style=\"color: green;\">M\u00e9rav Doukhan, Audrey P\u00e9tric, Catherine Delmau, Everilde Polgari<\/span><\/i><\/p>\n<p>\u2022 Live is life <i><span style=\"color: green;\">Madeleine Henri, C\u00e9dric Pereira, Aline Barets, Tatiana B.<\/span><\/i><\/p>\n<p>\u2022 Allumer le feu <i><span style=\"color: green;\">No\u00e9mie Luxain, Dorian Bedel, Guillaume Dessay, Joseph Rebelo<\/span><\/i><\/p>\n<p>\u2022 I will survive <i><span style=\"color: green;\">Aurore Michel<\/span><\/i><\/p>\n<p>\u2022 Ne partons pas f\u00e2ch\u00e9s <i><span style=\"color: green;\">Anit\u00e9 Tichit, Cristof Gere<\/span><\/i><\/p>\n<\/div>\n<blockquote><p>19) Nous nous reverrons un jour ou l&rsquo;autre <i><span style=\"color: green;\">Sandrine Drawin, Herv\u00e9 Merkel, Estelle Fi\u00e9v\u00e9, Cristof Gere, Christine Pereira, Fr\u00e9d\u00e9ric Batty et les Zicos<\/span><\/i><\/p>\n<p>20) The show must go on <i><span style=\"color: green;\">C\u00e9dric Pereira, Joseph Rebelo, Christine Pereira, Rony Fontaine, No\u00e9mie Luxain, Madeleine Henri, Catherine Delmau, Audrey P\u00e9tric, Guillaume Dessay et les Zicos<\/span><\/i><\/p><\/blockquote>\n<\/td>\n<\/tr>\n<tr>\n<td><\/td>\n<\/tr>\n<\/tbody>\n<\/table>\n","protected":false},"excerpt":{"rendered":"<p>1) \u00catre \u00e0 la hauteur Jef May, Guillaume Dessay, Sandrine Griveau, Estelle Fi\u00e9v\u00e9, Emilie Lacombe, Dorian Bedel, Maxime Frey, Marion Christmann, Herv\u00e9 Merkel, No\u00e9mie Luxain, Tatiana B., Audrey P\u00e9tric 2) Quand je joue Dorian Bedel, Myriam Fi\u00e9v\u00e9, M\u00e9rav Doukhan, Tatiana B., Aurore Michel, Aline Barets et les Zicos 3) Hasta luego Maxime Frey, No\u00e9mie Luxain, [&hellip;]<\/p>\n","protected":false},"author":1,"featured_media":0,"parent":0,"menu_order":0,"comment_status":"closed","ping_status":"closed","template":"","meta":{"footnotes":""},"class_list":["post-838","page","type-page","status-publish","hentry"],"_links":{"self":[{"href":"https:\/\/www.zicosite.fr\/new_site\/wp-json\/wp\/v2\/pages\/838","targetHints":{"allow":["GET"]}}],"collection":[{"href":"https:\/\/www.zicosite.fr\/new_site\/wp-json\/wp\/v2\/pages"}],"about":[{"href":"https:\/\/www.zicosite.fr\/new_site\/wp-json\/wp\/v2\/types\/page"}],"author":[{"embeddable":true,"href":"https:\/\/www.zicosite.fr\/new_site\/wp-json\/wp\/v2\/users\/1"}],"replies":[{"embeddable":true,"href":"https:\/\/www.zicosite.fr\/new_site\/wp-json\/wp\/v2\/comments?post=838"}],"version-history":[{"count":1,"href":"https:\/\/www.zicosite.fr\/new_site\/wp-json\/wp\/v2\/pages\/838\/revisions"}],"predecessor-version":[{"id":839,"href":"https:\/\/www.zicosite.fr\/new_site\/wp-json\/wp\/v2\/pages\/838\/revisions\/839"}],"wp:attachment":[{"href":"https:\/\/www.zicosite.fr\/new_site\/wp-json\/wp\/v2\/media?parent=838"}],"curies":[{"name":"wp","href":"https:\/\/api.w.org\/{rel}","templated":true}]}}