{"id":840,"date":"2024-05-10T23:49:49","date_gmt":"2024-05-10T21:49:49","guid":{"rendered":"https:\/\/www.zicosite.fr\/new_site\/?page_id=840"},"modified":"2024-05-10T23:49:49","modified_gmt":"2024-05-10T21:49:49","slug":"la-play-list-de-les-zicos-en-voyage","status":"publish","type":"page","link":"https:\/\/www.zicosite.fr\/new_site\/la-play-list-de-les-zicos-en-voyage\/","title":{"rendered":"La Play List de \u00ab\u00a0Les Zicos en voyage\u00a0\u00bb"},"content":{"rendered":"<table align=\"center\">\n<tbody>\n<tr>\n<td>\n<div style=\"text-indent: -21.75pt; margin-left: 48.75pt;\">\n<p>1) Ch\u00e2telet les halles <i><span style=\"color: green;\">C\u00e9dric Pereira, Dorian Bedel<\/span><\/i><\/p>\n<p>2) Je t\u2019attends <i><span style=\"color: green;\">Les Zicos<\/span><\/i><\/p>\n<p>3) Medley USA<\/p>\n<div style=\"margin-left: 72.0pt;\">\n<p>\u2022 Ohio <i><span style=\"color: green;\">Estelle Fi\u00e9v\u00e9<\/span><\/i><\/p>\n<p>\u2022 L\u2019Am\u00e9rique <i><span style=\"color: green;\">Jef May<\/span><\/i><\/p>\n<p>\u2022 New-York avec toi <i><span style=\"color: green;\">Tatiana B. \/ Gr\u00e9gory Leroudier<\/span><\/i><\/p>\n<p>\u2022 California <i><span style=\"color: green;\">Marion Christmann<\/span><\/i><\/p>\n<p>\u2022 San Francisco <i><span style=\"color: green;\">Sandrine Drawin \/ Everilde Polgari<\/span><\/i><\/p>\n<p>\u2022 La Californie <i><span style=\"color: green;\">Joseph Rebelo<\/span><\/i><\/p>\n<p>\u2022 So far away from L.A. <i><span style=\"color: green;\">Maxime Frey<\/span><\/i><\/p>\n<p>\u2022 Manhattan\/Kaboul <i><span style=\"color: green;\">Antoine Formoso \/ Anita Tichit<\/span><\/i><\/p>\n<p>\u2022 Am\u00e9ricain <i><span style=\"color: green;\">Dorian Bedel<\/span><\/i><\/p>\n<p>\u2022 New-York, New-York <i><span style=\"color: green;\">No\u00e9mie Luxain<\/span><\/i><\/p>\n<\/div>\n<p>4) Au caf\u00e9 des d\u00e9lices <i><span style=\"color: green;\">C\u00e9dric Pereira, Diana Vicente, Cristof Gere + les enfants<\/span><\/i><\/p>\n<p>5) Say it ain\u2019t so Joe <i><span style=\"color: green;\">C\u00e9dric Pereira, Guillaume Dessay<\/span><\/i><\/p>\n<p>6) Medley VOYAGE<\/p>\n<div style=\"margin-left: 72.0pt;\">\n<p>\u2022 Puisque vous partez en voyage <i><span style=\"color: green;\">Estelle Fi\u00e9v\u00e9 \/ Maxime Frey<\/span><\/i><\/p>\n<p>\u2022 Pars ! <i><span style=\"color: green;\">Fr\u00e9d\u00e9ric Batty<\/span><\/i><\/p>\n<p>\u2022 Caravane <i><span style=\"color: green;\">Antoine Formoso<\/span><\/i><\/p>\n<p>\u2022 Mais je dois m\u2019en aller <i><span style=\"color: green;\">Dorian Bedel \/ Sandrine Drawin<\/span><\/i><\/p>\n<p>\u2022 Voyage en Italie <i><span style=\"color: green;\">Benjamin Elbaze \/ Cristof Gere<\/span><\/i><\/p>\n<p>\u2022 Voyage voyage <i><span style=\"color: green;\">Aline Barets<\/span><\/i><\/p>\n<\/div>\n<p>7) Quoi ? <i><span style=\"color: green;\">Estelle Fi\u00e9v\u00e9, Anita Tichit, Sandrine Drawin + Guillaume Dessay au piano<\/span><\/i><\/p>\n<p>8) Mes emmerdes \/ Formidable <i><span style=\"color: green;\">Jef May, Joseph Rebelo<\/span><\/i><\/p>\n<p>9) La corrida <i><span style=\"color: green;\">Maxime Frey, Antoine Formoso, Guillaume Dessay, Benjamin Elbaze<\/span><\/i><\/p>\n<p>10) Medley SAFARI<\/p>\n<div style=\"margin-left: 72.0pt;\">\n<p>\u2022 Africa <i><span style=\"color: green;\">Madeleine Henri<\/span><\/i><\/p>\n<p>\u2022 Les Lionnes <i><span style=\"color: green;\">Myriam Fi\u00e9v\u00e9, C\u00e9dric Pereira<\/span><\/i><\/p>\n<p>\u2022 La chanson de l\u2019Autruche <i><span style=\"color: green;\">Catherine Delmau, Everilde Polgari, Tatiana B.<\/span><\/i><\/p>\n<p>\u2022 Le cimeti\u00e8re des \u00e9l\u00e9phants <i><span style=\"color: green;\">Joseph Rebelo<\/span><\/i><\/p>\n<p>\u2022 Le Gorille \/ Le freak <i><span style=\"color: green;\">Martine Saliceti<\/span><\/i><\/p>\n<p>\u2022 Le lion est mort ce soir <i><span style=\"color: green;\">Guillaume Dessay<\/span><\/i><\/p>\n<p>\u2022 Africa <i><span style=\"color: green;\">Aurore Michel, Cristof Gere<\/span><\/i><\/p>\n<\/div>\n<p>11) Parlez-moi de lui <i><span style=\"color: green;\">Madeleine Henri \/ No\u00e9mie Luxain + les enfants avec Aline Barets, Diana Vicente, Dorian Bedel, Maxime Frey<\/span><\/i><\/p>\n<p>12) Tu m\u2019oublieras <i><span style=\"color: green;\">M\u00e9rav Doukhan, Tatiana B., Marion Christmann, Aurore Michel, Myriam Fi\u00e9v\u00e9, Diana Vicente<\/span><\/i><\/p>\n<p>13) Yalla <i><span style=\"color: green;\">Catherine Delmau, Cristof Gere, Dorian Bedel, Christine Pereira, Aline Barets<\/span><\/i><\/p>\n<p>14) Medley POUPEES RUSSES<\/p>\n<div style=\"margin-left: 72.0pt;\">\n<p>\u2022 Poup\u00e9e de cire poup\u00e9e de son <i><span style=\"color: green;\">M\u00e9rav Doukhan \/ Christine Pereira<\/span><\/i><\/p>\n<p>\u2022 Les marionnettes <i><span style=\"color: green;\">Fr\u00e9d\u00e9ric Batty \/ Marion Christmann<\/span><\/i><\/p>\n<p>\u2022 Poup\u00e9e psych\u00e9d\u00e9lique <i><span style=\"color: green;\">Dorian Bedel \/ Martine Saliceti<\/span><\/i><\/p>\n<p>\u2022 Barbie Girl <i><span style=\"color: green;\">Joseph Rebelo \/ Diana Vicente<\/span><\/i><\/p>\n<p>\u2022 La poup\u00e9e qui fait non <i><span style=\"color: green;\">Gr\u00e9gory Leroudier \/ Everilde Polgari<\/span><\/i><\/p>\n<\/div>\n<p>15) L\u2019accord\u00e9oniste <i><span style=\"color: green;\">Aline Barets, No\u00e9mie Luxain, Aurore Michel, Accord\u00e9on : Sylvain Jully<\/span><\/i><\/p>\n<p>16) Rien que de l\u2019eau <i><span style=\"color: green;\">Aurore Michel, Madeleine Henri, Dorian Bedel, Guillaume Dessay<\/span><\/i><\/p>\n<p>17) Medley Tour de France<\/p>\n<div style=\"margin-left: 72.0pt;\">\n<p>\u2022 C\u2019est \u00e7a la France <i><span style=\"color: green;\">Tatiana B., Christine Pereira<\/span><\/i><\/p>\n<p>\u2022 Belle \u00eele en mer <i><span style=\"color: green;\">M\u00e9rav Doukhan, Estelle Fi\u00e9v\u00e9, Anita Tichit<\/span><\/i><\/p>\n<p>\u2022 Le loir et cher <i><span style=\"color: green;\">Cristof Gere<\/span><\/i><\/p>\n<p>\u2022 Les parapluies de Cherbourg <i><span style=\"color: green;\">Diana Vicente<\/span><\/i><\/p>\n<p>\u2022 La dame de Haute Savoie <i><span style=\"color: green;\">Gr\u00e9gory Leroudier, Madeleine Henri<\/span><\/i><\/p>\n<p>\u2022 Twist \u00e0 St Tropez <i><span style=\"color: green;\">C\u00e9dric Pereira<\/span><\/i><\/p>\n<p>\u2022 March\u00e9 de Provence <i><span style=\"color: green;\">Martine Saliceti, Sandrine Drawin, Myriam Fi\u00e9v\u00e9, Aurore Michel<\/span><\/i><\/p>\n<p>\u2022 Rock Amadour <i><span style=\"color: green;\">No\u00e9mie Luxain, Joseph Rebelo<\/span><\/i><\/p>\n<p>\u2022 L\u2019autre Finist\u00e8re <i><span style=\"color: green;\">Benjamin Elbaze, Guillaume Dessay, Fr\u00e9d\u00e9ric Batty<\/span><\/i><\/p>\n<p>\u2022 Les corons <i><span style=\"color: green;\">Jef May<\/span><\/i><\/p>\n<\/div>\n<p>18) Le Sud <i><span style=\"color: green;\">Aline Barets, Maxime Frey, Catherine Delmau, Benjamin Elbaze, No\u00e9mie Luxain, Jef May<\/span><\/i><\/p>\n<p>19) Les princes des villes <i><span style=\"color: green;\">Les Zicos<\/span><\/i><\/p>\n<\/div>\n<\/td>\n<\/tr>\n<\/tbody>\n<\/table>\n","protected":false},"excerpt":{"rendered":"<p>1) Ch\u00e2telet les halles C\u00e9dric Pereira, Dorian Bedel 2) Je t\u2019attends Les Zicos 3) Medley USA \u2022 Ohio Estelle Fi\u00e9v\u00e9 \u2022 L\u2019Am\u00e9rique Jef May \u2022 New-York avec toi Tatiana B. \/ Gr\u00e9gory Leroudier \u2022 California Marion Christmann \u2022 San Francisco Sandrine Drawin \/ Everilde Polgari \u2022 La Californie Joseph Rebelo \u2022 So far away from [&hellip;]<\/p>\n","protected":false},"author":1,"featured_media":0,"parent":0,"menu_order":0,"comment_status":"closed","ping_status":"closed","template":"","meta":{"footnotes":""},"class_list":["post-840","page","type-page","status-publish","hentry"],"_links":{"self":[{"href":"https:\/\/www.zicosite.fr\/new_site\/wp-json\/wp\/v2\/pages\/840","targetHints":{"allow":["GET"]}}],"collection":[{"href":"https:\/\/www.zicosite.fr\/new_site\/wp-json\/wp\/v2\/pages"}],"about":[{"href":"https:\/\/www.zicosite.fr\/new_site\/wp-json\/wp\/v2\/types\/page"}],"author":[{"embeddable":true,"href":"https:\/\/www.zicosite.fr\/new_site\/wp-json\/wp\/v2\/users\/1"}],"replies":[{"embeddable":true,"href":"https:\/\/www.zicosite.fr\/new_site\/wp-json\/wp\/v2\/comments?post=840"}],"version-history":[{"count":1,"href":"https:\/\/www.zicosite.fr\/new_site\/wp-json\/wp\/v2\/pages\/840\/revisions"}],"predecessor-version":[{"id":841,"href":"https:\/\/www.zicosite.fr\/new_site\/wp-json\/wp\/v2\/pages\/840\/revisions\/841"}],"wp:attachment":[{"href":"https:\/\/www.zicosite.fr\/new_site\/wp-json\/wp\/v2\/media?parent=840"}],"curies":[{"name":"wp","href":"https:\/\/api.w.org\/{rel}","templated":true}]}}