{"id":842,"date":"2024-05-10T23:51:33","date_gmt":"2024-05-10T21:51:33","guid":{"rendered":"https:\/\/www.zicosite.fr\/new_site\/?page_id=842"},"modified":"2024-05-10T23:51:34","modified_gmt":"2024-05-10T21:51:34","slug":"la-play-list-de-des-chansons-plein-les-yeux","status":"publish","type":"page","link":"https:\/\/www.zicosite.fr\/new_site\/la-play-list-de-des-chansons-plein-les-yeux\/","title":{"rendered":"La Play List de \u00ab\u00a0Des chansons plein les yeux\u00a0\u00bb"},"content":{"rendered":"<table align=\"center\">\n<tbody>\n<tr>\n<td>\n<div style=\"text-indent: -21.75pt; margin-left: 48.75pt;\">\n<p>1) La chanteuse de Bal <i><span style=\"color: green;\">Les Zicos<\/span><\/i><\/p>\n<p>2) Attention Mesdames et Messieurs <i><span style=\"color: green;\">Sandrine Drawin, Jef May<\/span><\/i><\/p>\n<p>3) Medley Blues<\/p>\n<div style=\"margin-left: 72.0pt;\">\n<p>\u2022 L\u00e8che bottes blues <i><span style=\"color: green;\">Guillaume Dessay, No\u00e9mie Luxain<\/span><\/i><\/p>\n<p>\u2022 Joueurs de blues <i><span style=\"color: green;\">C\u00e9dric Pereira<\/span><\/i><\/p>\n<p>\u2022 Mademoiselle chante le blues <i><span style=\"color: green;\">Tatiana B., Anita Tichit, Madeleine Henri<\/span><\/i><\/p>\n<p>\u2022 Frenchy B\u00e9b\u00e9 Blues <i><span style=\"color: green;\">Joseph Rebelo<\/span><\/i><\/p>\n<p>\u2022 Toute la musique que j\u2019aime <i><span style=\"color: green;\">Jef May<\/span><\/i><\/p>\n<\/div>\n<p>4) C\u00e9cile ma fille <i><span style=\"color: green;\">Maxime Frey, Dorian Bedel, Madeleine Henri<\/span><\/i><\/p>\n<p>5) Quand t\u2019es dans le d\u00e9sert <i><span style=\"color: green;\">Gr\u00e9gory Leroudier, Joseph Rebelo, C\u00e9dric Pereira, Benjamin Elbaze, Jef May, Guillaume Dessay<\/span><\/i><\/p>\n<p>6) Medley Nature<\/p>\n<div style=\"margin-left: 72.0pt;\">\n<p>\u2022 Le petit jardin <i><span style=\"color: green;\">Muriel Hordessaux, Anita Tichit<\/span><\/i><\/p>\n<p>\u2022 Plantation <i><span style=\"color: green;\">Diana Vicente, Dorian Bedel<\/span><\/i><\/p>\n<p>\u2022 Au pays des merveilles de Juliette <i><span style=\"color: green;\">Laur\u00e8ne Cluse<\/span><\/i><\/p>\n<p>\u2022 Mangez-moi <i><span style=\"color: green;\">M\u00e9rav Doukhan, No\u00e9mie Luxain<\/span><\/i><\/p>\n<p>\u2022 Aupr\u00e8s de mon arbre <i><span style=\"color: green;\">Jef May, Martine Saliceti<\/span><\/i><\/p>\n<p>\u2022 Respire <i><span style=\"color: green;\">Maxime Frey, Gr\u00e9gory Leroudier<\/span><\/i><\/p>\n<p>\u2022 Tout le bonheur du monde <i><span style=\"color: green;\">Everilde Polgari, C\u00e9dric Pereira<\/span><\/i><\/p>\n<\/div>\n<p>7) Quelqu\u2019un m\u2019a dit <i><span style=\"color: green;\">Claire Lejeune, Estelle Fi\u00e9v\u00e9, Anita Tichit<\/span><\/i><\/p>\n<p>8) Scandale dans la famille <i><span style=\"color: green;\">Sandrine Drawin, Joseph Rebelo, Guillaume Dessay, No\u00e9mie Luxain<\/span><\/i><\/p>\n<p>9) Sur la route <i><span style=\"color: green;\">Diana Vicente, Gr\u00e9gory Leroudier, Benjamin Elbaze<\/span><\/i><\/p>\n<p>10) Medley Fan<\/p>\n<div style=\"margin-left: 72.0pt;\">\n<p>\u2022 L\u2019idole des jeunes <i><span style=\"color: green;\">C\u00e9dric Pereira<\/span><\/i><\/p>\n<p>\u2022 La groupie du pianiste <i><span style=\"color: green;\">Laur\u00e8ne Cluse<\/span><\/i><\/p>\n<p>\u2022 Le chanteur <i><span style=\"color: green;\">Dorian Bedel<\/span><\/i><\/p>\n<p>\u2022 Henri, Porte des Lilas <i><span style=\"color: green;\">Jef May<\/span><\/i><\/p>\n<p>\u2022 Fan <i><span style=\"color: green;\">Gr\u00e9gory Leroudier<\/span><\/i><\/p>\n<\/div>\n<p>11) Comme un avion sans ailes <i><span style=\"color: green;\">Muriel Hordessaux, Joseph Rebelo<\/span><\/i><\/p>\n<p>12) Bye bye <i><span style=\"color: green;\">Maxime Frey, Dorian Bedel, Diana Vicente, M\u00e9rav Doukhan, Tatiana B., Martine Saliceti, Myriam Fi\u00e9v\u00e9<\/span><\/i><\/p>\n<p>13) Encore et encore <i><span style=\"color: green;\">Guillaume Dessay, Dorian Bedel, No\u00e9mie Luxain<\/span><\/i><\/p>\n<p>14) Amoureuse <i><span style=\"color: green;\">Sandrine Drawin, Muriel Hordessaux, Estelle Fi\u00e9v\u00e9, No\u00e9mie Luxain<\/span><\/i><\/p>\n<p>15) Medley Disney<\/p>\n<div style=\"margin-left: 72.0pt;\">\n<p>\u2022 Prince Ali <i><span style=\"color: green;\">Joseph Rebelo<\/span><\/i><\/p>\n<p>\u2022 \u00catre un homme comme vous <i><span style=\"color: green;\">Guillaume Dessay<\/span><\/i><\/p>\n<p>\u2022 Supercalifragilis <i><span style=\"color: green;\">M\u00e9rav Doukhan, Anita Tichit, Sandrine Drawin<\/span><\/i><\/p>\n<p>\u2022 Hey ho <i><span style=\"color: green;\">Claire Lejeune, Laur\u00e8ne Cluse, Everilde Polgari, Myriam Fi\u00e9v\u00e9, Martine Saliceti, Tatiana B., Estelle Fi\u00e9v\u00e9<\/span><\/i><\/p>\n<\/div>\n<p>16) La complainte de la butte <i><span style=\"color: green;\">No\u00e9mie Luxain, Dorian Bedel<\/span><\/i><\/p>\n<p>17) Medley In \/ Out<\/p>\n<div style=\"margin-left: 72.0pt;\">\n<p>\u2022 Qui est in, qui est out <i><span style=\"color: green;\">Muriel Hordessaux, Dorian Bedel<\/span><\/i><\/p>\n<p>\u2022 Paint it black <i><span style=\"color: green;\">Joseph Rebelo<\/span><\/i><\/p>\n<p>\u2022 Gimme gimme <i><span style=\"color: green;\">Laur\u00e8ne Cluse, Myriam Fi\u00e9v\u00e9, Tatiana B., Diana Vicente<\/span><\/i><\/p>\n<p>\u2022 Penny Lane <i><span style=\"color: green;\">M\u00e9rav Doukhan, Madeleine Henri, Estelle Fi\u00e9v\u00e9, Sandrine Drawin<\/span><\/i><\/p>\n<p>\u2022 California Dreaming <i><span style=\"color: green;\">Benjamin Elbaze, Claire Lejeune, No\u00e9mie Luxain, Everilde Polgari<\/span><\/i><\/p>\n<p>\u2022 In the Navy <i><span style=\"color: green;\">Jef May, Maxime Frey, Gr\u00e9gory Leroudier, Martine Saliceti, Guillaume Dessay<\/span><\/i><\/p>\n<p>\u2022 Sunday bloody Sunday <i><span style=\"color: green;\">C\u00e9dric Pereira<\/span><\/i><\/p>\n<\/div>\n<p>18) Dona Dona <i><span style=\"color: green;\">No\u00e9mie Luxain, C\u00e9dric Pereira, Myriam Fi\u00e9v\u00e9, Laur\u00e8ne Cluse<\/span><\/i><\/p>\n<p>19) Parce qu\u2019on vient de loin <i><span style=\"color: green;\">Les Zicos<\/span><\/i><\/p>\n<p>20) Partir <i><span style=\"color: green;\">Les Zicos<\/span><\/i><\/p>\n<\/div>\n<\/td>\n<\/tr>\n<\/tbody>\n<\/table>\n","protected":false},"excerpt":{"rendered":"<p>1) La chanteuse de Bal Les Zicos 2) Attention Mesdames et Messieurs Sandrine Drawin, Jef May 3) Medley Blues \u2022 L\u00e8che bottes blues Guillaume Dessay, No\u00e9mie Luxain \u2022 Joueurs de blues C\u00e9dric Pereira \u2022 Mademoiselle chante le blues Tatiana B., Anita Tichit, Madeleine Henri \u2022 Frenchy B\u00e9b\u00e9 Blues Joseph Rebelo \u2022 Toute la musique que [&hellip;]<\/p>\n","protected":false},"author":1,"featured_media":0,"parent":0,"menu_order":0,"comment_status":"closed","ping_status":"closed","template":"","meta":{"footnotes":""},"class_list":["post-842","page","type-page","status-publish","hentry"],"_links":{"self":[{"href":"https:\/\/www.zicosite.fr\/new_site\/wp-json\/wp\/v2\/pages\/842","targetHints":{"allow":["GET"]}}],"collection":[{"href":"https:\/\/www.zicosite.fr\/new_site\/wp-json\/wp\/v2\/pages"}],"about":[{"href":"https:\/\/www.zicosite.fr\/new_site\/wp-json\/wp\/v2\/types\/page"}],"author":[{"embeddable":true,"href":"https:\/\/www.zicosite.fr\/new_site\/wp-json\/wp\/v2\/users\/1"}],"replies":[{"embeddable":true,"href":"https:\/\/www.zicosite.fr\/new_site\/wp-json\/wp\/v2\/comments?post=842"}],"version-history":[{"count":1,"href":"https:\/\/www.zicosite.fr\/new_site\/wp-json\/wp\/v2\/pages\/842\/revisions"}],"predecessor-version":[{"id":843,"href":"https:\/\/www.zicosite.fr\/new_site\/wp-json\/wp\/v2\/pages\/842\/revisions\/843"}],"wp:attachment":[{"href":"https:\/\/www.zicosite.fr\/new_site\/wp-json\/wp\/v2\/media?parent=842"}],"curies":[{"name":"wp","href":"https:\/\/api.w.org\/{rel}","templated":true}]}}